{"id":14401,"date":"2018-11-27T09:17:56","date_gmt":"2018-11-27T09:17:56","guid":{"rendered":"https:\/\/es.alertenterprise.com\/?page_id=14401"},"modified":"2025-04-22T15:30:44","modified_gmt":"2025-04-22T15:30:44","slug":"contact","status":"publish","type":"page","link":"https:\/\/es.alertenterprise.com\/es\/contact\/","title":{"rendered":"Contacto"},"content":{"rendered":"<div data-elementor-type=\"wp-post\" data-elementor-id=\"14401\" class=\"elementor elementor-14401\" data-elementor-post-type=\"page\">\n\t\t\t\t<div data-particle_enable=\"false\" data-particle-mobile-disabled=\"false\" data-dce-background-image-url=\"https:\/\/alertenterprise.com\/wp-content\/uploads\/2023\/09\/home-hero-gradient-mask-scaled.jpg\" class=\"elementor-element elementor-element-27018d34 e-flex e-con-boxed e-con e-parent\" data-id=\"27018d34\" data-element_type=\"container\" data-e-type=\"container\" data-settings=\"{&quot;background_background&quot;:&quot;classic&quot;}\">\n\t\t\t\t\t<div class=\"e-con-inner\">\n\t\t<div data-particle_enable=\"false\" data-particle-mobile-disabled=\"false\" class=\"elementor-element elementor-element-52574591 e-flex e-con-boxed e-con e-child\" data-id=\"52574591\" data-element_type=\"container\" data-e-type=\"container\">\n\t\t\t\t\t<div class=\"e-con-inner\">\n\t\t\t\t<div class=\"elementor-element elementor-element-6592c141 elementor-widget elementor-widget-heading\" data-id=\"6592c141\" data-element_type=\"widget\" data-e-type=\"widget\" data-widget_type=\"heading.default\">\n\t\t\t\t<div class=\"elementor-widget-container\">\n\t\t\t\t\t<h2 class=\"elementor-heading-title elementor-size-default\">Encantado de conocerte.<\/h2>\t\t\t\t<\/div>\n\t\t\t\t<\/div>\n\t\t\t\t<div class=\"elementor-element elementor-element-7e9bbf20 elementor-widget elementor-widget-text-editor\" data-id=\"7e9bbf20\" data-element_type=\"widget\" data-e-type=\"widget\" data-widget_type=\"text-editor.default\">\n\t\t\t\t<div class=\"elementor-widget-container\">\n\t\t\t\t\t\t\t\t\t<p>\u00bfQuieres programar una demostraci\u00f3n individual? Haz clic en el bot\u00f3n de abajo para seleccionar la fecha y hora que m\u00e1s te convengan. Para todas las dem\u00e1s consultas, rellena el siguiente formulario y un compa\u00f1ero se pondr\u00e1 en contacto contigo en breve. <\/p>\t\t\t\t\t\t\t\t<\/div>\n\t\t\t\t<\/div>\n\t\t\t\t<div class=\"elementor-element elementor-element-4e179e6d elementor-align-center elementor-widget elementor-widget-button\" data-id=\"4e179e6d\" data-element_type=\"widget\" data-e-type=\"widget\" data-widget_type=\"button.default\">\n\t\t\t\t<div class=\"elementor-widget-container\">\n\t\t\t\t\t\t\t\t\t<div class=\"elementor-button-wrapper\">\n\t\t\t\t\t<a class=\"elementor-button elementor-button-link elementor-size-sm\" href=\"https:\/\/calendly.com\/sonia-kashyap-alertenterprise\/meeting\" target=\"_blank\">\n\t\t\t\t\t\t<span class=\"elementor-button-content-wrapper\">\n\t\t\t\t\t\t\t\t\t<span class=\"elementor-button-text\">Reservar ahora<\/span>\n\t\t\t\t\t<\/span>\n\t\t\t\t\t<\/a>\n\t\t\t\t<\/div>\n\t\t\t\t\t\t\t\t<\/div>\n\t\t\t\t<\/div>\n\t\t\t\t\t<\/div>\n\t\t\t\t<\/div>\n\t\t\t\t\t<\/div>\n\t\t\t\t<\/div>\n\t\t\t\t<section data-particle_enable=\"false\" data-particle-mobile-disabled=\"false\" class=\"elementor-section elementor-top-section elementor-element elementor-element-8e4dd19 elementor-section-boxed elementor-section-height-default elementor-section-height-default\" data-id=\"8e4dd19\" data-element_type=\"section\" data-e-type=\"section\" id=\"form-anchor\" data-settings=\"{&quot;background_background&quot;:&quot;classic&quot;}\">\n\t\t\t\t\t\t<div class=\"elementor-container elementor-column-gap-default\">\n\t\t\t\t\t<div class=\"elementor-column elementor-col-100 elementor-top-column elementor-element elementor-element-ed65dce\" data-id=\"ed65dce\" data-element_type=\"column\" data-e-type=\"column\">\n\t\t\t<div class=\"elementor-widget-wrap elementor-element-populated\">\n\t\t\t\t\t\t<div class=\"elementor-element elementor-element-98fd4ec elementor-widget elementor-widget-html\" data-id=\"98fd4ec\" data-element_type=\"widget\" data-e-type=\"widget\" data-widget_type=\"html.default\">\n\t\t\t\t<div class=\"elementor-widget-container\">\n\t\t\t\t\t<script src=\"https:\/\/js.hsforms.net\/forms\/embed\/47829731.js\" defer><\/script>\n<div class=\"hs-form-frame\" data-region=\"na1\" data-form-id=\"6cb81173-e177-42c1-bf7d-d8888b87c991\" data-portal-id=\"47829731\"><\/div>\t\t\t\t<\/div>\n\t\t\t\t<\/div>\n\t\t\t\t\t<\/div>\n\t\t<\/div>\n\t\t\t\t\t<\/div>\n\t\t<\/section>\n\t\t\t\t<\/div>","protected":false},"excerpt":{"rendered":"<p>Encantado de conocerte. \u00bfQuieres programar una demostraci\u00f3n individual? Haz clic en el bot\u00f3n de abajo para seleccionar la fecha y hora que m\u00e1s te convengan. Para todas las dem\u00e1s consultas, rellena el siguiente formulario y un compa\u00f1ero se pondr\u00e1 en contacto contigo en breve. Reservar ahora<\/p>","protected":false},"author":1,"featured_media":8298,"parent":0,"menu_order":0,"comment_status":"closed","ping_status":"closed","template":"","meta":{"_acf_changed":false,"footnotes":""},"class_list":["post-14401","page","type-page","status-publish","has-post-thumbnail","hentry"],"acf":[],"yoast_head":"<!-- This site is optimized with the Yoast SEO plugin v27.3 - https:\/\/yoast.com\/product\/yoast-seo-wordpress\/ -->\n<title>Contacta con nosotros | Alert Enterprise<\/title>\n<meta name=\"description\" content=\"\u00bfQuieres una demostraci\u00f3n de una soluci\u00f3n, hablar de una asociaci\u00f3n comercial o solicitar un empleo? \u00a1Queremos saber de ti!\" \/>\n<meta name=\"robots\" content=\"index, follow, max-snippet:-1, max-image-preview:large, max-video-preview:-1\" \/>\n<link rel=\"canonical\" href=\"https:\/\/es.alertenterprise.com\/es\/contact\/\" \/>\n<meta property=\"og:locale\" content=\"es_MX\" \/>\n<meta property=\"og:type\" content=\"article\" \/>\n<meta property=\"og:title\" content=\"Contacta con nosotros | Alert Enterprise\" \/>\n<meta property=\"og:description\" content=\"\u00bfQuieres una demostraci\u00f3n de una soluci\u00f3n, hablar de una asociaci\u00f3n comercial o solicitar un empleo? \u00a1Queremos saber de ti!\" \/>\n<meta property=\"og:url\" content=\"https:\/\/es.alertenterprise.com\/es\/contact\/\" \/>\n<meta property=\"og:site_name\" content=\"AlertEnterpise-es\" \/>\n<meta property=\"article:modified_time\" content=\"2025-04-22T15:30:44+00:00\" \/>\n<meta name=\"twitter:card\" content=\"summary_large_image\" \/>\n<meta name=\"twitter:label1\" content=\"Tiempo de lectura\" \/>\n\t<meta name=\"twitter:data1\" content=\"1 minuto\" \/>\n<script type=\"application\/ld+json\" class=\"yoast-schema-graph\">{\"@context\":\"https:\\\/\\\/schema.org\",\"@graph\":[{\"@type\":\"WebPage\",\"@id\":\"https:\\\/\\\/es.alertenterprise.com\\\/es\\\/contact\\\/\",\"url\":\"https:\\\/\\\/es.alertenterprise.com\\\/es\\\/contact\\\/\",\"name\":\"Contacta con nosotros | Alert Enterprise\",\"isPartOf\":{\"@id\":\"https:\\\/\\\/es.alertenterprise.com\\\/es\\\/#website\"},\"primaryImageOfPage\":{\"@id\":\"https:\\\/\\\/es.alertenterprise.com\\\/es\\\/contact\\\/#primaryimage\"},\"image\":{\"@id\":\"https:\\\/\\\/es.alertenterprise.com\\\/es\\\/contact\\\/#primaryimage\"},\"thumbnailUrl\":\"\",\"datePublished\":\"2018-11-27T09:17:56+00:00\",\"dateModified\":\"2025-04-22T15:30:44+00:00\",\"description\":\"\u00bfQuieres una demostraci\u00f3n de una soluci\u00f3n, hablar de una asociaci\u00f3n comercial o solicitar un empleo? \u00a1Queremos saber de ti!\",\"breadcrumb\":{\"@id\":\"https:\\\/\\\/es.alertenterprise.com\\\/es\\\/contact\\\/#breadcrumb\"},\"inLanguage\":\"es\",\"potentialAction\":[{\"@type\":\"ReadAction\",\"target\":[\"https:\\\/\\\/es.alertenterprise.com\\\/es\\\/contact\\\/\"]}]},{\"@type\":\"ImageObject\",\"inLanguage\":\"es\",\"@id\":\"https:\\\/\\\/es.alertenterprise.com\\\/es\\\/contact\\\/#primaryimage\",\"url\":\"\",\"contentUrl\":\"\"},{\"@type\":\"BreadcrumbList\",\"@id\":\"https:\\\/\\\/es.alertenterprise.com\\\/es\\\/contact\\\/#breadcrumb\",\"itemListElement\":[{\"@type\":\"ListItem\",\"position\":1,\"name\":\"Home\",\"item\":\"https:\\\/\\\/es.alertenterprise.com\\\/es\\\/\"},{\"@type\":\"ListItem\",\"position\":2,\"name\":\"Contacto\"}]},{\"@type\":\"WebSite\",\"@id\":\"https:\\\/\\\/es.alertenterprise.com\\\/es\\\/#website\",\"url\":\"https:\\\/\\\/es.alertenterprise.com\\\/es\\\/\",\"name\":\"AlertEnterpise-es\",\"description\":\"Physical | Logical Security Convergence\",\"publisher\":{\"@id\":\"https:\\\/\\\/es.alertenterprise.com\\\/es\\\/#organization\"},\"potentialAction\":[{\"@type\":\"SearchAction\",\"target\":{\"@type\":\"EntryPoint\",\"urlTemplate\":\"https:\\\/\\\/es.alertenterprise.com\\\/es\\\/?s={search_term_string}\"},\"query-input\":{\"@type\":\"PropertyValueSpecification\",\"valueRequired\":true,\"valueName\":\"search_term_string\"}}],\"inLanguage\":\"es\"},{\"@type\":\"Organization\",\"@id\":\"https:\\\/\\\/es.alertenterprise.com\\\/es\\\/#organization\",\"name\":\"Alert Enterprise\",\"url\":\"https:\\\/\\\/es.alertenterprise.com\\\/es\\\/\",\"logo\":{\"@type\":\"ImageObject\",\"inLanguage\":\"es\",\"@id\":\"https:\\\/\\\/es.alertenterprise.com\\\/es\\\/#\\\/schema\\\/logo\\\/image\\\/\",\"url\":\"https:\\\/\\\/es.alertenterprise.com\\\/wp-content\\\/uploads\\\/sites\\\/3\\\/2024\\\/10\\\/logo.png\",\"contentUrl\":\"https:\\\/\\\/es.alertenterprise.com\\\/wp-content\\\/uploads\\\/sites\\\/3\\\/2024\\\/10\\\/logo.png\",\"width\":888,\"height\":138,\"caption\":\"Alert Enterprise\"},\"image\":{\"@id\":\"https:\\\/\\\/es.alertenterprise.com\\\/es\\\/#\\\/schema\\\/logo\\\/image\\\/\"}}]}<\/script>\n<!-- \/ Yoast SEO plugin. -->","yoast_head_json":{"title":"Contacta con nosotros | Alert Enterprise","description":"\u00bfQuieres una demostraci\u00f3n de una soluci\u00f3n, hablar de una asociaci\u00f3n comercial o solicitar un empleo? \u00a1Queremos saber de ti!","robots":{"index":"index","follow":"follow","max-snippet":"max-snippet:-1","max-image-preview":"max-image-preview:large","max-video-preview":"max-video-preview:-1"},"canonical":"https:\/\/es.alertenterprise.com\/es\/contact\/","og_locale":"es_MX","og_type":"article","og_title":"Contacta con nosotros | Alert Enterprise","og_description":"\u00bfQuieres una demostraci\u00f3n de una soluci\u00f3n, hablar de una asociaci\u00f3n comercial o solicitar un empleo? \u00a1Queremos saber de ti!","og_url":"https:\/\/es.alertenterprise.com\/es\/contact\/","og_site_name":"AlertEnterpise-es","article_modified_time":"2025-04-22T15:30:44+00:00","twitter_card":"summary_large_image","twitter_misc":{"Tiempo de lectura":"1 minuto"},"schema":{"@context":"https:\/\/schema.org","@graph":[{"@type":"WebPage","@id":"https:\/\/es.alertenterprise.com\/es\/contact\/","url":"https:\/\/es.alertenterprise.com\/es\/contact\/","name":"Contacta con nosotros | Alert Enterprise","isPartOf":{"@id":"https:\/\/es.alertenterprise.com\/es\/#website"},"primaryImageOfPage":{"@id":"https:\/\/es.alertenterprise.com\/es\/contact\/#primaryimage"},"image":{"@id":"https:\/\/es.alertenterprise.com\/es\/contact\/#primaryimage"},"thumbnailUrl":"","datePublished":"2018-11-27T09:17:56+00:00","dateModified":"2025-04-22T15:30:44+00:00","description":"\u00bfQuieres una demostraci\u00f3n de una soluci\u00f3n, hablar de una asociaci\u00f3n comercial o solicitar un empleo? \u00a1Queremos saber de ti!","breadcrumb":{"@id":"https:\/\/es.alertenterprise.com\/es\/contact\/#breadcrumb"},"inLanguage":"es","potentialAction":[{"@type":"ReadAction","target":["https:\/\/es.alertenterprise.com\/es\/contact\/"]}]},{"@type":"ImageObject","inLanguage":"es","@id":"https:\/\/es.alertenterprise.com\/es\/contact\/#primaryimage","url":"","contentUrl":""},{"@type":"BreadcrumbList","@id":"https:\/\/es.alertenterprise.com\/es\/contact\/#breadcrumb","itemListElement":[{"@type":"ListItem","position":1,"name":"Home","item":"https:\/\/es.alertenterprise.com\/es\/"},{"@type":"ListItem","position":2,"name":"Contacto"}]},{"@type":"WebSite","@id":"https:\/\/es.alertenterprise.com\/es\/#website","url":"https:\/\/es.alertenterprise.com\/es\/","name":"AlertaEnterpise-es","description":"Convergencia de la seguridad f\u00edsica y l\u00f3gica","publisher":{"@id":"https:\/\/es.alertenterprise.com\/es\/#organization"},"potentialAction":[{"@type":"SearchAction","target":{"@type":"EntryPoint","urlTemplate":"https:\/\/es.alertenterprise.com\/es\/?s={search_term_string}"},"query-input":{"@type":"PropertyValueSpecification","valueRequired":true,"valueName":"search_term_string"}}],"inLanguage":"es"},{"@type":"Organization","@id":"https:\/\/es.alertenterprise.com\/es\/#organization","name":"Alerta Empresa","url":"https:\/\/es.alertenterprise.com\/es\/","logo":{"@type":"ImageObject","inLanguage":"es","@id":"https:\/\/es.alertenterprise.com\/es\/#\/schema\/logo\/image\/","url":"https:\/\/es.alertenterprise.com\/wp-content\/uploads\/sites\/3\/2024\/10\/logo.png","contentUrl":"https:\/\/es.alertenterprise.com\/wp-content\/uploads\/sites\/3\/2024\/10\/logo.png","width":888,"height":138,"caption":"Alert Enterprise"},"image":{"@id":"https:\/\/es.alertenterprise.com\/es\/#\/schema\/logo\/image\/"}}]}},"_links":{"self":[{"href":"https:\/\/es.alertenterprise.com\/es\/wp-json\/wp\/v2\/pages\/14401","targetHints":{"allow":["GET"]}}],"collection":[{"href":"https:\/\/es.alertenterprise.com\/es\/wp-json\/wp\/v2\/pages"}],"about":[{"href":"https:\/\/es.alertenterprise.com\/es\/wp-json\/wp\/v2\/types\/page"}],"author":[{"embeddable":true,"href":"https:\/\/es.alertenterprise.com\/es\/wp-json\/wp\/v2\/users\/1"}],"replies":[{"embeddable":true,"href":"https:\/\/es.alertenterprise.com\/es\/wp-json\/wp\/v2\/comments?post=14401"}],"version-history":[{"count":5,"href":"https:\/\/es.alertenterprise.com\/es\/wp-json\/wp\/v2\/pages\/14401\/revisions"}],"predecessor-version":[{"id":44336,"href":"https:\/\/es.alertenterprise.com\/es\/wp-json\/wp\/v2\/pages\/14401\/revisions\/44336"}],"wp:featuredmedia":[{"embeddable":true,"href":"https:\/\/es.alertenterprise.com\/es\/wp-json\/"}],"wp:attachment":[{"href":"https:\/\/es.alertenterprise.com\/es\/wp-json\/wp\/v2\/media?parent=14401"}],"curies":[{"name":"wp","href":"https:\/\/api.w.org\/{rel}","templated":true}]}}