{"id":16183,"date":"2023-05-23T21:23:25","date_gmt":"2023-05-23T21:23:25","guid":{"rendered":"https:\/\/es.alertenterprise.com\/?page_id=16183"},"modified":"2024-01-16T17:00:16","modified_gmt":"2024-01-16T17:00:16","slug":"white-papers-all","status":"publish","type":"page","link":"https:\/\/es.alertenterprise.com\/es\/resource-center\/white-papers-all\/","title":{"rendered":"Informes t\u00e9cnicos - Todos"},"content":{"rendered":"<div data-elementor-type=\"wp-page\" data-elementor-id=\"16183\" class=\"elementor elementor-16183\" data-elementor-post-type=\"page\">\n\t\t\t\t\t\t<section data-particle_enable=\"false\" data-particle-mobile-disabled=\"false\" data-dce-background-image-url=\"https:\/\/alertenterprise.com\/wp-content\/uploads\/2023\/09\/home-hero-mask-3.svg\" class=\"elementor-section elementor-top-section elementor-element elementor-element-2585192d elementor-section-height-min-height elementor-section-boxed elementor-section-height-default elementor-section-items-middle\" data-id=\"2585192d\" data-element_type=\"section\" id=\"hero-anchor\" data-settings=\"{&quot;background_background&quot;:&quot;classic&quot;}\">\n\t\t\t\t\t\t\t<div class=\"elementor-background-overlay\"><\/div>\n\t\t\t\t\t\t\t<div class=\"elementor-container elementor-column-gap-default\">\n\t\t\t\t\t<div class=\"elementor-column elementor-col-100 elementor-top-column elementor-element elementor-element-33b16b64\" data-id=\"33b16b64\" data-element_type=\"column\">\n\t\t\t<div class=\"elementor-widget-wrap elementor-element-populated\">\n\t\t\t\t\t\t<section data-particle_enable=\"false\" data-particle-mobile-disabled=\"false\" class=\"elementor-section elementor-inner-section elementor-element elementor-element-6a530f38 elementor-section-boxed elementor-section-height-default elementor-section-height-default\" data-id=\"6a530f38\" data-element_type=\"section\">\n\t\t\t\t\t\t<div class=\"elementor-container elementor-column-gap-default\">\n\t\t\t\t\t<div class=\"elementor-column elementor-col-100 elementor-inner-column elementor-element elementor-element-57bd2400 button-group\" data-id=\"57bd2400\" data-element_type=\"column\">\n\t\t\t<div class=\"elementor-widget-wrap elementor-element-populated\">\n\t\t\t\t\t\t<div class=\"elementor-element elementor-element-14129aa5 elementor-widget elementor-widget-heading\" data-id=\"14129aa5\" data-element_type=\"widget\" data-widget_type=\"heading.default\">\n\t\t\t\t<div class=\"elementor-widget-container\">\n\t\t\t\t\t<h2 class=\"elementor-heading-title elementor-size-default\">Archivos: Todos los libros blancos<\/h2>\t\t\t\t<\/div>\n\t\t\t\t<\/div>\n\t\t\t\t\t<\/div>\n\t\t<\/div>\n\t\t\t\t\t<\/div>\n\t\t<\/section>\n\t\t\t\t\t<\/div>\n\t\t<\/div>\n\t\t\t\t\t<\/div>\n\t\t<\/section>\n\t\t\t\t<section data-particle_enable=\"false\" data-particle-mobile-disabled=\"false\" class=\"elementor-section elementor-top-section elementor-element elementor-element-3c659061 elementor-section-full_width gradient-bar elementor-section-content-top elementor-section-height-default elementor-section-height-default\" data-id=\"3c659061\" data-element_type=\"section\">\n\t\t\t\t\t\t<div class=\"elementor-container elementor-column-gap-no\">\n\t\t\t\t\t<div class=\"elementor-column elementor-col-100 elementor-top-column elementor-element elementor-element-4ce251f\" data-id=\"4ce251f\" data-element_type=\"column\">\n\t\t\t<div class=\"elementor-widget-wrap elementor-element-populated\">\n\t\t\t\t\t\t<div class=\"elementor-element elementor-element-32f79061 gradient-bar elementor-align-center elementor-widget elementor-widget-lottie\" data-id=\"32f79061\" data-element_type=\"widget\" data-settings=\"{&quot;source_json&quot;:{&quot;url&quot;:&quot;http:\\\/\\\/alertenterprise.com\\\/\\\/wp-content\\\/uploads\\\/2022\\\/03\\\/Bar-Render.json&quot;,&quot;id&quot;:15139,&quot;size&quot;:&quot;&quot;,&quot;alt&quot;:&quot;&quot;,&quot;source&quot;:&quot;library&quot;},&quot;trigger&quot;:&quot;none&quot;,&quot;loop&quot;:&quot;yes&quot;,&quot;source&quot;:&quot;media_file&quot;,&quot;caption_source&quot;:&quot;none&quot;,&quot;link_to&quot;:&quot;none&quot;,&quot;play_speed&quot;:{&quot;unit&quot;:&quot;px&quot;,&quot;size&quot;:1,&quot;sizes&quot;:[]},&quot;start_point&quot;:{&quot;unit&quot;:&quot;%&quot;,&quot;size&quot;:0,&quot;sizes&quot;:[]},&quot;end_point&quot;:{&quot;unit&quot;:&quot;%&quot;,&quot;size&quot;:100,&quot;sizes&quot;:[]},&quot;renderer&quot;:&quot;svg&quot;}\" data-widget_type=\"lottie.default\">\n\t\t\t\t<div class=\"elementor-widget-container\">\n\t\t\t\t\t<div class=\"e-lottie__container\"><div class=\"e-lottie__animation\"><\/div><\/div>\t\t\t\t<\/div>\n\t\t\t\t<\/div>\n\t\t\t\t\t<\/div>\n\t\t<\/div>\n\t\t\t\t\t<\/div>\n\t\t<\/section>\n\t\t\t\t<section data-particle_enable=\"false\" data-particle-mobile-disabled=\"false\" class=\"elementor-section elementor-top-section elementor-element elementor-element-2236a25d elementor-section-boxed elementor-section-height-default elementor-section-height-default\" data-id=\"2236a25d\" data-element_type=\"section\">\n\t\t\t\t\t\t<div class=\"elementor-container elementor-column-gap-default\">\n\t\t\t\t\t<div class=\"elementor-column elementor-col-100 elementor-top-column elementor-element elementor-element-4780478f\" data-id=\"4780478f\" data-element_type=\"column\">\n\t\t\t<div class=\"elementor-widget-wrap elementor-element-populated\">\n\t\t\t\t\t\t<div class=\"elementor-element elementor-element-5e2a5081 archive-posts-grid elementor-grid-3 elementor-grid-tablet-2 elementor-grid-mobile-1 elementor-posts--thumbnail-top elementor-widget elementor-widget-posts\" data-id=\"5e2a5081\" data-element_type=\"widget\" data-settings=\"{&quot;pagination_type&quot;:&quot;numbers&quot;,&quot;classic_columns&quot;:&quot;3&quot;,&quot;classic_columns_tablet&quot;:&quot;2&quot;,&quot;classic_columns_mobile&quot;:&quot;1&quot;,&quot;classic_row_gap&quot;:{&quot;unit&quot;:&quot;px&quot;,&quot;size&quot;:35,&quot;sizes&quot;:[]},&quot;classic_row_gap_laptop&quot;:{&quot;unit&quot;:&quot;px&quot;,&quot;size&quot;:&quot;&quot;,&quot;sizes&quot;:[]},&quot;classic_row_gap_tablet_extra&quot;:{&quot;unit&quot;:&quot;px&quot;,&quot;size&quot;:&quot;&quot;,&quot;sizes&quot;:[]},&quot;classic_row_gap_tablet&quot;:{&quot;unit&quot;:&quot;px&quot;,&quot;size&quot;:&quot;&quot;,&quot;sizes&quot;:[]},&quot;classic_row_gap_mobile&quot;:{&quot;unit&quot;:&quot;px&quot;,&quot;size&quot;:&quot;&quot;,&quot;sizes&quot;:[]}}\" data-widget_type=\"posts.classic\">\n\t\t\t\t<div class=\"elementor-widget-container\">\n\t\t\t\t\t\t\t<div class=\"elementor-posts-container elementor-posts elementor-posts--skin-classic elementor-grid\" role=\"list\">\n\t\t\t\t<article class=\"elementor-post elementor-grid-item post-16507 white-paper type-white-paper status-publish has-post-thumbnail hentry\" role=\"listitem\">\n\t\t\t\t<a class=\"elementor-post__thumbnail__link\" href=\"https:\/\/es.alertenterprise.com\/es\/blog\/white-paper\/ae-hr-pacs-integration\/\" tabindex=\"-1\" >\n\t\t\t<div class=\"elementor-post__thumbnail\"><img fetchpriority=\"high\" decoding=\"async\" width=\"800\" height=\"534\" src=\"https:\/\/es.alertenterprise.com\/wp-content\/uploads\/sites\/3\/2023\/10\/GettyImages-1434212178-1024x683.jpg\" class=\"attachment-large size-large wp-image-27061\" alt=\"\" srcset=\"https:\/\/es.alertenterprise.com\/wp-content\/uploads\/sites\/3\/2023\/10\/GettyImages-1434212178-1024x683.jpg 1024w, https:\/\/es.alertenterprise.com\/wp-content\/uploads\/sites\/3\/2023\/10\/GettyImages-1434212178-300x200.jpg 300w, https:\/\/es.alertenterprise.com\/wp-content\/uploads\/sites\/3\/2023\/10\/GettyImages-1434212178-768x512.jpg 768w, https:\/\/es.alertenterprise.com\/wp-content\/uploads\/sites\/3\/2023\/10\/GettyImages-1434212178-1536x1024.jpg 1536w, https:\/\/es.alertenterprise.com\/wp-content\/uploads\/sites\/3\/2023\/10\/GettyImages-1434212178-2048x1365.jpg 2048w, https:\/\/es.alertenterprise.com\/wp-content\/uploads\/sites\/3\/2023\/10\/GettyImages-1434212178-18x12.jpg 18w\" sizes=\"(max-width: 800px) 100vw, 800px\" \/><\/div>\n\t\t<\/a>\n\t\t\t\t<div class=\"elementor-post__text\">\n\t\t\t\t<h3 class=\"elementor-post__title\">\n\t\t\t<a href=\"https:\/\/es.alertenterprise.com\/es\/blog\/white-paper\/ae-hr-pacs-integration\/\" >\n\t\t\t\tIntegraci\u00f3n AE HR-PACS\t\t\t<\/a>\n\t\t<\/h3>\n\t\t\t\t<div class=\"elementor-post__excerpt\">\n\t\t\t<p>Por qu\u00e9 no basta con una integraci\u00f3n RRHH-PACS Muchas empresas<\/p>\n\t\t<\/div>\n\t\t\n\t\t<a class=\"elementor-post__read-more\" href=\"https:\/\/es.alertenterprise.com\/es\/blog\/white-paper\/ae-hr-pacs-integration\/\" aria-label=\"Leer m\u00e1s sobre Integraci\u00f3n AE HR-PACS\" tabindex=\"-1\" >\n\t\t\tSeguir leyendo\t\t<\/a>\n\n\t\t\t\t<\/div>\n\t\t\t\t<\/article>\n\t\t\t\t<article class=\"elementor-post elementor-grid-item post-16513 white-paper type-white-paper status-publish has-post-thumbnail hentry\" role=\"listitem\">\n\t\t\t\t<a class=\"elementor-post__thumbnail__link\" href=\"https:\/\/es.alertenterprise.com\/es\/blog\/white-paper\/security-as-the-new-business-enabler\/\" tabindex=\"-1\" >\n\t\t\t<div class=\"elementor-post__thumbnail\"><img decoding=\"async\" width=\"800\" height=\"479\" src=\"https:\/\/es.alertenterprise.com\/wp-content\/uploads\/sites\/3\/2022\/03\/sec-business-enabler-2-1024x613.jpg\" class=\"attachment-large size-large wp-image-27076\" alt=\"\" srcset=\"https:\/\/es.alertenterprise.com\/wp-content\/uploads\/sites\/3\/2022\/03\/sec-business-enabler-2-1024x613.jpg 1024w, https:\/\/es.alertenterprise.com\/wp-content\/uploads\/sites\/3\/2022\/03\/sec-business-enabler-2-300x180.jpg 300w, https:\/\/es.alertenterprise.com\/wp-content\/uploads\/sites\/3\/2022\/03\/sec-business-enabler-2-768x460.jpg 768w, https:\/\/es.alertenterprise.com\/wp-content\/uploads\/sites\/3\/2022\/03\/sec-business-enabler-2-1536x920.jpg 1536w, https:\/\/es.alertenterprise.com\/wp-content\/uploads\/sites\/3\/2022\/03\/sec-business-enabler-2-18x12.jpg 18w, https:\/\/es.alertenterprise.com\/wp-content\/uploads\/sites\/3\/2022\/03\/sec-business-enabler-2.jpg 1672w\" sizes=\"(max-width: 800px) 100vw, 800px\" \/><\/div>\n\t\t<\/a>\n\t\t\t\t<div class=\"elementor-post__text\">\n\t\t\t\t<h3 class=\"elementor-post__title\">\n\t\t\t<a href=\"https:\/\/es.alertenterprise.com\/es\/blog\/white-paper\/security-as-the-new-business-enabler\/\" >\n\t\t\t\tLa seguridad como facilitadora de nuevos negocios\t\t\t<\/a>\n\t\t<\/h3>\n\t\t\t\t<div class=\"elementor-post__excerpt\">\n\t\t\t<p>A medida que la tecnolog\u00eda digital mejora dr\u00e1sticamente la econom\u00eda y las capacidades de<\/p>\n\t\t<\/div>\n\t\t\n\t\t<a class=\"elementor-post__read-more\" href=\"https:\/\/es.alertenterprise.com\/es\/blog\/white-paper\/security-as-the-new-business-enabler\/\" aria-label=\"Leer m\u00e1s sobre La seguridad como facilitadora de nuevos negocios\" tabindex=\"-1\" >\n\t\t\tSeguir leyendo\t\t<\/a>\n\n\t\t\t\t<\/div>\n\t\t\t\t<\/article>\n\t\t\t\t<article class=\"elementor-post elementor-grid-item post-16516 white-paper type-white-paper status-publish has-post-thumbnail hentry\" role=\"listitem\">\n\t\t\t\t<a class=\"elementor-post__thumbnail__link\" href=\"https:\/\/es.alertenterprise.com\/es\/blog\/white-paper\/how-a-major-utility-company-achieved-zero-compliance-violations\/\" tabindex=\"-1\" >\n\t\t\t<div class=\"elementor-post__thumbnail\"><img decoding=\"async\" width=\"800\" height=\"300\" src=\"https:\/\/es.alertenterprise.com\/wp-content\/uploads\/sites\/3\/2019\/12\/ae-casestudy-hero-utility-of-the-future-1024x384.jpg\" class=\"attachment-large size-large wp-image-15943\" alt=\"\" srcset=\"https:\/\/es.alertenterprise.com\/wp-content\/uploads\/sites\/3\/2019\/12\/ae-casestudy-hero-utility-of-the-future-1024x384.jpg 1024w, https:\/\/es.alertenterprise.com\/wp-content\/uploads\/sites\/3\/2019\/12\/ae-casestudy-hero-utility-of-the-future-300x113.jpg 300w, https:\/\/es.alertenterprise.com\/wp-content\/uploads\/sites\/3\/2019\/12\/ae-casestudy-hero-utility-of-the-future-768x288.jpg 768w, https:\/\/es.alertenterprise.com\/wp-content\/uploads\/sites\/3\/2019\/12\/ae-casestudy-hero-utility-of-the-future-1536x576.jpg 1536w, https:\/\/es.alertenterprise.com\/wp-content\/uploads\/sites\/3\/2019\/12\/ae-casestudy-hero-utility-of-the-future-2048x768.jpg 2048w\" sizes=\"(max-width: 800px) 100vw, 800px\" \/><\/div>\n\t\t<\/a>\n\t\t\t\t<div class=\"elementor-post__text\">\n\t\t\t\t<h3 class=\"elementor-post__title\">\n\t\t\t<a href=\"https:\/\/es.alertenterprise.com\/es\/blog\/white-paper\/how-a-major-utility-company-achieved-zero-compliance-violations\/\" >\n\t\t\t\tC\u00f3mo una gran empresa de servicios p\u00fablicos logr\u00f3 cero infracciones de la normativa\t\t\t<\/a>\n\t\t<\/h3>\n\t\t\t\t<div class=\"elementor-post__excerpt\">\n\t\t\t<p>Integrando la Tecnolog\u00eda de la Informaci\u00f3n (IT), la Tecnolog\u00eda Operativa<\/p>\n\t\t<\/div>\n\t\t\n\t\t<a class=\"elementor-post__read-more\" href=\"https:\/\/es.alertenterprise.com\/es\/blog\/white-paper\/how-a-major-utility-company-achieved-zero-compliance-violations\/\" aria-label=\"Leer m\u00e1s sobre C\u00f3mo una gran empresa de servicios p\u00fablicos logr\u00f3 cero infracciones de la normativa\" tabindex=\"-1\" >\n\t\t\tSeguir leyendo\t\t<\/a>\n\n\t\t\t\t<\/div>\n\t\t\t\t<\/article>\n\t\t\t\t<article class=\"elementor-post elementor-grid-item post-16519 white-paper type-white-paper status-publish has-post-thumbnail hentry\" role=\"listitem\">\n\t\t\t\t<a class=\"elementor-post__thumbnail__link\" href=\"https:\/\/es.alertenterprise.com\/es\/blog\/white-paper\/cyber-physical-security-convergence\/\" tabindex=\"-1\" >\n\t\t\t<div class=\"elementor-post__thumbnail\"><img loading=\"lazy\" decoding=\"async\" width=\"800\" height=\"400\" src=\"https:\/\/es.alertenterprise.com\/wp-content\/uploads\/sites\/3\/2020\/06\/Solution-Cyber-Physical-pg.jpg\" class=\"attachment-large size-large wp-image-15946\" alt=\"\" srcset=\"https:\/\/es.alertenterprise.com\/wp-content\/uploads\/sites\/3\/2020\/06\/Solution-Cyber-Physical-pg.jpg 1024w, https:\/\/es.alertenterprise.com\/wp-content\/uploads\/sites\/3\/2020\/06\/Solution-Cyber-Physical-pg-300x150.jpg 300w, https:\/\/es.alertenterprise.com\/wp-content\/uploads\/sites\/3\/2020\/06\/Solution-Cyber-Physical-pg-768x384.jpg 768w\" sizes=\"(max-width: 800px) 100vw, 800px\" \/><\/div>\n\t\t<\/a>\n\t\t\t\t<div class=\"elementor-post__text\">\n\t\t\t\t<h3 class=\"elementor-post__title\">\n\t\t\t<a href=\"https:\/\/es.alertenterprise.com\/es\/blog\/white-paper\/cyber-physical-security-convergence\/\" >\n\t\t\t\tConvergencia de la seguridad ciberf\u00edsica\t\t\t<\/a>\n\t\t<\/h3>\n\t\t\t\t<div class=\"elementor-post__excerpt\">\n\t\t\t<p>Esta es la realidad: Las organizaciones gastan millones de d\u00f3lares en<\/p>\n\t\t<\/div>\n\t\t\n\t\t<a class=\"elementor-post__read-more\" href=\"https:\/\/es.alertenterprise.com\/es\/blog\/white-paper\/cyber-physical-security-convergence\/\" aria-label=\"Leer m\u00e1s sobre Convergencia de la seguridad ciberf\u00edsica\" tabindex=\"-1\" >\n\t\t\tSeguir leyendo\t\t<\/a>\n\n\t\t\t\t<\/div>\n\t\t\t\t<\/article>\n\t\t\t\t<\/div>\n\t\t\n\t\t\t\t\t\t<\/div>\n\t\t\t\t<\/div>\n\t\t\t\t\t<\/div>\n\t\t<\/div>\n\t\t\t\t\t<\/div>\n\t\t<\/section>\n\t\t\t\t<section data-particle_enable=\"false\" data-particle-mobile-disabled=\"false\" class=\"elementor-section elementor-top-section elementor-element elementor-element-6c5d628b elementor-section-boxed elementor-section-height-default elementor-section-height-default\" data-id=\"6c5d628b\" data-element_type=\"section\">\n\t\t\t\t\t\t<div class=\"elementor-container elementor-column-gap-default\">\n\t\t\t\t\t<div class=\"elementor-column elementor-col-100 elementor-top-column elementor-element elementor-element-22582ced\" data-id=\"22582ced\" data-element_type=\"column\">\n\t\t\t<div class=\"elementor-widget-wrap\">\n\t\t\t\t\t\t\t<\/div>\n\t\t<\/div>\n\t\t\t\t\t<\/div>\n\t\t<\/section>\n\t\t\t\t<\/div>","protected":false},"excerpt":{"rendered":"<p>Archivos: Todos los informes t\u00e9cnicos Volver al Centro de recursos<\/p>","protected":false},"author":12,"featured_media":0,"parent":14398,"menu_order":0,"comment_status":"closed","ping_status":"closed","template":"","meta":{"_acf_changed":false,"footnotes":""},"class_list":["post-16183","page","type-page","status-publish","hentry"],"acf":[],"yoast_head":"<!-- This site is optimized with the Yoast SEO plugin v26.9 - https:\/\/yoast.com\/product\/yoast-seo-wordpress\/ -->\n<title>Informes t\u00e9cnicos - Todos - AlertEnterpise-es<\/title>\n<meta name=\"description\" content=\"Lee nuestra colecci\u00f3n completa de documentos t\u00e9cnicos que incluyen informaci\u00f3n detallada sobre seguridad, an\u00e1lisis en profundidad, estrategias y soluciones.\" \/>\n<meta name=\"robots\" content=\"index, follow, max-snippet:-1, max-image-preview:large, max-video-preview:-1\" \/>\n<link rel=\"canonical\" href=\"https:\/\/es.alertenterprise.com\/es\/resource-center\/white-papers-all\/\" \/>\n<meta property=\"og:locale\" content=\"es_MX\" \/>\n<meta property=\"og:type\" content=\"article\" \/>\n<meta property=\"og:title\" content=\"Informes t\u00e9cnicos - Todos - AlertEnterpise-es\" \/>\n<meta property=\"og:description\" content=\"Lee nuestra colecci\u00f3n completa de documentos t\u00e9cnicos que incluyen informaci\u00f3n detallada sobre seguridad, an\u00e1lisis en profundidad, estrategias y soluciones.\" \/>\n<meta property=\"og:url\" content=\"https:\/\/es.alertenterprise.com\/es\/resource-center\/white-papers-all\/\" \/>\n<meta property=\"og:site_name\" content=\"AlertEnterpise-es\" \/>\n<meta property=\"article:modified_time\" content=\"2024-01-16T17:00:16+00:00\" \/>\n<meta name=\"twitter:card\" content=\"summary_large_image\" \/>\n<meta name=\"twitter:label1\" content=\"Tiempo de lectura\" \/>\n\t<meta name=\"twitter:data1\" content=\"1 minuto\" \/>\n<script type=\"application\/ld+json\" class=\"yoast-schema-graph\">{\"@context\":\"https:\/\/schema.org\",\"@graph\":[{\"@type\":\"WebPage\",\"@id\":\"https:\/\/es.alertenterprise.com\/es\/resource-center\/white-papers-all\/\",\"url\":\"https:\/\/es.alertenterprise.com\/es\/resource-center\/white-papers-all\/\",\"name\":\"Informes t\u00e9cnicos - Todos - AlertEnterpise-es\",\"isPartOf\":{\"@id\":\"https:\/\/es.alertenterprise.com\/es\/#website\"},\"datePublished\":\"2023-05-23T21:23:25+00:00\",\"dateModified\":\"2024-01-16T17:00:16+00:00\",\"description\":\"Lee nuestra colecci\u00f3n completa de documentos t\u00e9cnicos que incluyen informaci\u00f3n detallada sobre seguridad, an\u00e1lisis en profundidad, estrategias y soluciones.\",\"breadcrumb\":{\"@id\":\"https:\/\/es.alertenterprise.com\/es\/resource-center\/white-papers-all\/#breadcrumb\"},\"inLanguage\":\"es\",\"potentialAction\":[{\"@type\":\"ReadAction\",\"target\":[\"https:\/\/es.alertenterprise.com\/es\/resource-center\/white-papers-all\/\"]}]},{\"@type\":\"BreadcrumbList\",\"@id\":\"https:\/\/es.alertenterprise.com\/es\/resource-center\/white-papers-all\/#breadcrumb\",\"itemListElement\":[{\"@type\":\"ListItem\",\"position\":1,\"name\":\"Home\",\"item\":\"https:\/\/es.alertenterprise.com\/es\/\"},{\"@type\":\"ListItem\",\"position\":2,\"name\":\"Centro de recursos\",\"item\":\"https:\/\/es.alertenterprise.com\/es\/resource-center\/\"},{\"@type\":\"ListItem\",\"position\":3,\"name\":\"Informes t\u00e9cnicos &#8211; Todos\"}]},{\"@type\":\"WebSite\",\"@id\":\"https:\/\/es.alertenterprise.com\/es\/#website\",\"url\":\"https:\/\/es.alertenterprise.com\/es\/\",\"name\":\"AlertEnterpise-es\",\"description\":\"Physical | Logical Security Convergence\",\"publisher\":{\"@id\":\"https:\/\/es.alertenterprise.com\/es\/#organization\"},\"potentialAction\":[{\"@type\":\"SearchAction\",\"target\":{\"@type\":\"EntryPoint\",\"urlTemplate\":\"https:\/\/es.alertenterprise.com\/es\/?s={search_term_string}\"},\"query-input\":{\"@type\":\"PropertyValueSpecification\",\"valueRequired\":true,\"valueName\":\"search_term_string\"}}],\"inLanguage\":\"es\"},{\"@type\":\"Organization\",\"@id\":\"https:\/\/es.alertenterprise.com\/es\/#organization\",\"name\":\"Alert Enterprise\",\"url\":\"https:\/\/es.alertenterprise.com\/es\/\",\"logo\":{\"@type\":\"ImageObject\",\"inLanguage\":\"es\",\"@id\":\"https:\/\/es.alertenterprise.com\/es\/#\/schema\/logo\/image\/\",\"url\":\"https:\/\/es.alertenterprise.com\/wp-content\/uploads\/sites\/3\/2024\/10\/logo.png\",\"contentUrl\":\"https:\/\/es.alertenterprise.com\/wp-content\/uploads\/sites\/3\/2024\/10\/logo.png\",\"width\":888,\"height\":138,\"caption\":\"Alert Enterprise\"},\"image\":{\"@id\":\"https:\/\/es.alertenterprise.com\/es\/#\/schema\/logo\/image\/\"}}]}<\/script>\n<!-- \/ Yoast SEO plugin. -->","yoast_head_json":{"title":"Informes t\u00e9cnicos - Todos - AlertEnterpise-es","description":"Lee nuestra colecci\u00f3n completa de documentos t\u00e9cnicos que incluyen informaci\u00f3n detallada sobre seguridad, an\u00e1lisis en profundidad, estrategias y soluciones.","robots":{"index":"index","follow":"follow","max-snippet":"max-snippet:-1","max-image-preview":"max-image-preview:large","max-video-preview":"max-video-preview:-1"},"canonical":"https:\/\/es.alertenterprise.com\/es\/resource-center\/white-papers-all\/","og_locale":"es_MX","og_type":"article","og_title":"Informes t\u00e9cnicos - Todos - AlertEnterpise-es","og_description":"Lee nuestra colecci\u00f3n completa de documentos t\u00e9cnicos que incluyen informaci\u00f3n detallada sobre seguridad, an\u00e1lisis en profundidad, estrategias y soluciones.","og_url":"https:\/\/es.alertenterprise.com\/es\/resource-center\/white-papers-all\/","og_site_name":"AlertEnterpise-es","article_modified_time":"2024-01-16T17:00:16+00:00","twitter_card":"summary_large_image","twitter_misc":{"Tiempo de lectura":"1 minuto"},"schema":{"@context":"https:\/\/schema.org","@graph":[{"@type":"WebPage","@id":"https:\/\/es.alertenterprise.com\/es\/resource-center\/white-papers-all\/","url":"https:\/\/es.alertenterprise.com\/es\/resource-center\/white-papers-all\/","name":"Informes t\u00e9cnicos - Todos - AlertEnterpise-es","isPartOf":{"@id":"https:\/\/es.alertenterprise.com\/es\/#website"},"datePublished":"2023-05-23T21:23:25+00:00","dateModified":"2024-01-16T17:00:16+00:00","description":"Lee nuestra colecci\u00f3n completa de documentos t\u00e9cnicos que incluyen informaci\u00f3n detallada sobre seguridad, an\u00e1lisis en profundidad, estrategias y soluciones.","breadcrumb":{"@id":"https:\/\/es.alertenterprise.com\/es\/resource-center\/white-papers-all\/#breadcrumb"},"inLanguage":"es","potentialAction":[{"@type":"ReadAction","target":["https:\/\/es.alertenterprise.com\/es\/resource-center\/white-papers-all\/"]}]},{"@type":"BreadcrumbList","@id":"https:\/\/es.alertenterprise.com\/es\/resource-center\/white-papers-all\/#breadcrumb","itemListElement":[{"@type":"ListItem","position":1,"name":"Home","item":"https:\/\/es.alertenterprise.com\/es\/"},{"@type":"ListItem","position":2,"name":"Centro de recursos","item":"https:\/\/es.alertenterprise.com\/es\/resource-center\/"},{"@type":"ListItem","position":3,"name":"Informes t\u00e9cnicos &#8211; Todos"}]},{"@type":"WebSite","@id":"https:\/\/es.alertenterprise.com\/es\/#website","url":"https:\/\/es.alertenterprise.com\/es\/","name":"AlertaEnterpise-es","description":"Convergencia de la seguridad f\u00edsica y l\u00f3gica","publisher":{"@id":"https:\/\/es.alertenterprise.com\/es\/#organization"},"potentialAction":[{"@type":"SearchAction","target":{"@type":"EntryPoint","urlTemplate":"https:\/\/es.alertenterprise.com\/es\/?s={search_term_string}"},"query-input":{"@type":"PropertyValueSpecification","valueRequired":true,"valueName":"search_term_string"}}],"inLanguage":"es"},{"@type":"Organization","@id":"https:\/\/es.alertenterprise.com\/es\/#organization","name":"Alerta Empresa","url":"https:\/\/es.alertenterprise.com\/es\/","logo":{"@type":"ImageObject","inLanguage":"es","@id":"https:\/\/es.alertenterprise.com\/es\/#\/schema\/logo\/image\/","url":"https:\/\/es.alertenterprise.com\/wp-content\/uploads\/sites\/3\/2024\/10\/logo.png","contentUrl":"https:\/\/es.alertenterprise.com\/wp-content\/uploads\/sites\/3\/2024\/10\/logo.png","width":888,"height":138,"caption":"Alert Enterprise"},"image":{"@id":"https:\/\/es.alertenterprise.com\/es\/#\/schema\/logo\/image\/"}}]}},"_links":{"self":[{"href":"https:\/\/es.alertenterprise.com\/es\/wp-json\/wp\/v2\/pages\/16183","targetHints":{"allow":["GET"]}}],"collection":[{"href":"https:\/\/es.alertenterprise.com\/es\/wp-json\/wp\/v2\/pages"}],"about":[{"href":"https:\/\/es.alertenterprise.com\/es\/wp-json\/wp\/v2\/types\/page"}],"author":[{"embeddable":true,"href":"https:\/\/es.alertenterprise.com\/es\/wp-json\/wp\/v2\/users\/12"}],"replies":[{"embeddable":true,"href":"https:\/\/es.alertenterprise.com\/es\/wp-json\/wp\/v2\/comments?post=16183"}],"version-history":[{"count":2,"href":"https:\/\/es.alertenterprise.com\/es\/wp-json\/wp\/v2\/pages\/16183\/revisions"}],"predecessor-version":[{"id":18883,"href":"https:\/\/es.alertenterprise.com\/es\/wp-json\/wp\/v2\/pages\/16183\/revisions\/18883"}],"up":[{"embeddable":true,"href":"https:\/\/es.alertenterprise.com\/es\/wp-json\/wp\/v2\/pages\/14398"}],"wp:attachment":[{"href":"https:\/\/es.alertenterprise.com\/es\/wp-json\/wp\/v2\/media?parent=16183"}],"curies":[{"name":"wp","href":"https:\/\/api.w.org\/{rel}","templated":true}]}}