{"id":16234,"date":"2023-04-05T19:41:53","date_gmt":"2023-04-05T19:41:53","guid":{"rendered":"https:\/\/es.alertenterprise.com\/?page_id=16234"},"modified":"2025-04-25T16:42:44","modified_gmt":"2025-04-25T16:42:44","slug":"datasheets-all","status":"publish","type":"page","link":"https:\/\/es.alertenterprise.com\/es\/resource-center\/datasheets-all\/","title":{"rendered":"Fichas t\u00e9cnicas - Todos"},"content":{"rendered":"<div data-elementor-type=\"wp-page\" data-elementor-id=\"16234\" class=\"elementor elementor-16234\" data-elementor-post-type=\"page\">\n\t\t\t\t\t\t<section data-particle_enable=\"false\" data-particle-mobile-disabled=\"false\" data-dce-background-image-url=\"https:\/\/alertenterprise.com\/wp-content\/uploads\/2023\/09\/home-hero-mask-3.svg\" class=\"elementor-section elementor-top-section elementor-element elementor-element-594fc541 elementor-section-height-min-height elementor-section-boxed elementor-section-height-default elementor-section-items-middle\" data-id=\"594fc541\" data-element_type=\"section\" data-e-type=\"section\" id=\"hero-anchor\" data-settings=\"{&quot;background_background&quot;:&quot;classic&quot;}\">\n\t\t\t\t\t\t\t<div class=\"elementor-background-overlay\"><\/div>\n\t\t\t\t\t\t\t<div class=\"elementor-container elementor-column-gap-default\">\n\t\t\t\t\t<div class=\"elementor-column elementor-col-100 elementor-top-column elementor-element elementor-element-5f79ef5d\" data-id=\"5f79ef5d\" data-element_type=\"column\" data-e-type=\"column\">\n\t\t\t<div class=\"elementor-widget-wrap elementor-element-populated\">\n\t\t\t\t\t\t<section data-particle_enable=\"false\" data-particle-mobile-disabled=\"false\" class=\"elementor-section elementor-inner-section elementor-element elementor-element-4a8b400c elementor-section-boxed elementor-section-height-default elementor-section-height-default\" data-id=\"4a8b400c\" data-element_type=\"section\" data-e-type=\"section\">\n\t\t\t\t\t\t<div class=\"elementor-container elementor-column-gap-default\">\n\t\t\t\t\t<div class=\"elementor-column elementor-col-100 elementor-inner-column elementor-element elementor-element-78a8544 button-group\" data-id=\"78a8544\" data-element_type=\"column\" data-e-type=\"column\">\n\t\t\t<div class=\"elementor-widget-wrap elementor-element-populated\">\n\t\t\t\t\t\t<div class=\"elementor-element elementor-element-72c8b380 elementor-widget elementor-widget-heading\" data-id=\"72c8b380\" data-element_type=\"widget\" data-e-type=\"widget\" data-widget_type=\"heading.default\">\n\t\t\t\t<div class=\"elementor-widget-container\">\n\t\t\t\t\t<h2 class=\"elementor-heading-title elementor-size-default\">Archivos: Todas las fichas t\u00e9cnicas<\/h2>\t\t\t\t<\/div>\n\t\t\t\t<\/div>\n\t\t\t\t\t<\/div>\n\t\t<\/div>\n\t\t\t\t\t<\/div>\n\t\t<\/section>\n\t\t\t\t\t<\/div>\n\t\t<\/div>\n\t\t\t\t\t<\/div>\n\t\t<\/section>\n\t\t\t\t<section data-particle_enable=\"false\" data-particle-mobile-disabled=\"false\" class=\"elementor-section elementor-top-section elementor-element elementor-element-54dfbee elementor-section-full_width gradient-bar elementor-section-content-top elementor-section-height-default elementor-section-height-default\" data-id=\"54dfbee\" data-element_type=\"section\" data-e-type=\"section\">\n\t\t\t\t\t\t<div class=\"elementor-container elementor-column-gap-no\">\n\t\t\t\t\t<div class=\"elementor-column elementor-col-100 elementor-top-column elementor-element elementor-element-15181e78\" data-id=\"15181e78\" data-element_type=\"column\" data-e-type=\"column\">\n\t\t\t<div class=\"elementor-widget-wrap elementor-element-populated\">\n\t\t\t\t\t\t<div class=\"elementor-element elementor-element-2ef1685a gradient-bar elementor-align-center elementor-widget elementor-widget-lottie\" data-id=\"2ef1685a\" data-element_type=\"widget\" data-e-type=\"widget\" data-settings=\"{&quot;source_json&quot;:{&quot;url&quot;:&quot;http:\\\/\\\/alertenterprise.com\\\/\\\/wp-content\\\/uploads\\\/2022\\\/03\\\/Bar-Render.json&quot;,&quot;id&quot;:15139,&quot;size&quot;:&quot;&quot;,&quot;alt&quot;:&quot;&quot;,&quot;source&quot;:&quot;library&quot;},&quot;trigger&quot;:&quot;none&quot;,&quot;loop&quot;:&quot;yes&quot;,&quot;source&quot;:&quot;media_file&quot;,&quot;caption_source&quot;:&quot;none&quot;,&quot;link_to&quot;:&quot;none&quot;,&quot;play_speed&quot;:{&quot;unit&quot;:&quot;px&quot;,&quot;size&quot;:1,&quot;sizes&quot;:[]},&quot;start_point&quot;:{&quot;unit&quot;:&quot;%&quot;,&quot;size&quot;:0,&quot;sizes&quot;:[]},&quot;end_point&quot;:{&quot;unit&quot;:&quot;%&quot;,&quot;size&quot;:100,&quot;sizes&quot;:[]},&quot;renderer&quot;:&quot;svg&quot;}\" data-widget_type=\"lottie.default\">\n\t\t\t\t<div class=\"elementor-widget-container\">\n\t\t\t\t\t<div class=\"e-lottie__container\"><div class=\"e-lottie__animation\"><\/div><\/div>\t\t\t\t<\/div>\n\t\t\t\t<\/div>\n\t\t\t\t\t<\/div>\n\t\t<\/div>\n\t\t\t\t\t<\/div>\n\t\t<\/section>\n\t\t<div data-particle_enable=\"false\" data-particle-mobile-disabled=\"false\" class=\"elementor-element elementor-element-00bfe47 e-grid e-con-boxed e-con e-parent\" data-id=\"00bfe47\" data-element_type=\"container\" data-e-type=\"container\" data-settings=\"{&quot;background_background&quot;:&quot;classic&quot;}\">\n\t\t\t\t\t<div class=\"e-con-inner\">\n\t\t<div data-particle_enable=\"false\" data-particle-mobile-disabled=\"false\" class=\"elementor-element elementor-element-1843c59 e-con-full e-flex e-con e-child\" data-id=\"1843c59\" data-element_type=\"container\" data-e-type=\"container\">\n\t\t\t\t<div class=\"elementor-element elementor-element-03b3b03 dce_masking-none elementor-widget elementor-widget-image\" data-id=\"03b3b03\" data-element_type=\"widget\" data-e-type=\"widget\" data-widget_type=\"image.default\">\n\t\t\t\t<div class=\"elementor-widget-container\">\n\t\t\t\t\t\t\t\t\t\t\t\t\t\t\t\t<a href=\"https:\/\/alertenterprise.com\/wp-content\/uploads\/2025\/03\/Guardian-on-ServiceNow-Datasheet_3.26.2025.pdf\" target=\"_blank\">\n\t\t\t\t\t\t\t<img fetchpriority=\"high\" decoding=\"async\" width=\"794\" height=\"1024\" src=\"https:\/\/es.alertenterprise.com\/wp-content\/uploads\/sites\/3\/2025\/04\/Thumbnail-Guardian-on-ServiceNow-794x1024.jpg\" class=\"attachment-large size-large wp-image-44582\" alt=\"\" srcset=\"https:\/\/es.alertenterprise.com\/wp-content\/uploads\/sites\/3\/2025\/04\/Thumbnail-Guardian-on-ServiceNow-794x1024.jpg 794w, https:\/\/es.alertenterprise.com\/wp-content\/uploads\/sites\/3\/2025\/04\/Thumbnail-Guardian-on-ServiceNow-233x300.jpg 233w, https:\/\/es.alertenterprise.com\/wp-content\/uploads\/sites\/3\/2025\/04\/Thumbnail-Guardian-on-ServiceNow-768x991.jpg 768w, https:\/\/es.alertenterprise.com\/wp-content\/uploads\/sites\/3\/2025\/04\/Thumbnail-Guardian-on-ServiceNow-1191x1536.jpg 1191w, https:\/\/es.alertenterprise.com\/wp-content\/uploads\/sites\/3\/2025\/04\/Thumbnail-Guardian-on-ServiceNow-9x12.jpg 9w, https:\/\/es.alertenterprise.com\/wp-content\/uploads\/sites\/3\/2025\/04\/Thumbnail-Guardian-on-ServiceNow.jpg 1220w\" sizes=\"(max-width: 794px) 100vw, 794px\" \/>\t\t\t\t\t\t\t\t<\/a>\n\t\t\t\t\t\t\t\t\t\t\t\t\t\t\t<\/div>\n\t\t\t\t<\/div>\n\t\t\t\t<\/div>\n\t\t<div data-particle_enable=\"false\" data-particle-mobile-disabled=\"false\" class=\"elementor-element elementor-element-a310026 e-con-full e-flex e-con e-child\" data-id=\"a310026\" data-element_type=\"container\" data-e-type=\"container\">\n\t\t\t\t<div class=\"elementor-element elementor-element-d971778 dce_masking-none elementor-widget elementor-widget-image\" data-id=\"d971778\" data-element_type=\"widget\" data-e-type=\"widget\" data-widget_type=\"image.default\">\n\t\t\t\t<div class=\"elementor-widget-container\">\n\t\t\t\t\t\t\t\t\t\t\t\t\t\t\t\t<a href=\"https:\/\/alertenterprise.com\/wp-content\/uploads\/2024\/11\/AE-Emergency-Mustering-Data-Sheet-FINAL-high-res-11.7.24.pdf\" target=\"_blank\">\n\t\t\t\t\t\t\t<img decoding=\"async\" width=\"800\" height=\"1005\" src=\"https:\/\/es.alertenterprise.com\/wp-content\/uploads\/sites\/3\/2025\/04\/Thumnbnail-AE-Emergency-Mustering-Data-Sheet-FINAL-high-res-11.7.24-thumbnail-815x1024.png\" class=\"attachment-large size-large wp-image-44579\" alt=\"\" srcset=\"https:\/\/es.alertenterprise.com\/wp-content\/uploads\/sites\/3\/2025\/04\/Thumnbnail-AE-Emergency-Mustering-Data-Sheet-FINAL-high-res-11.7.24-thumbnail-815x1024.png 815w, https:\/\/es.alertenterprise.com\/wp-content\/uploads\/sites\/3\/2025\/04\/Thumnbnail-AE-Emergency-Mustering-Data-Sheet-FINAL-high-res-11.7.24-thumbnail-239x300.png 239w, https:\/\/es.alertenterprise.com\/wp-content\/uploads\/sites\/3\/2025\/04\/Thumnbnail-AE-Emergency-Mustering-Data-Sheet-FINAL-high-res-11.7.24-thumbnail-768x964.png 768w, https:\/\/es.alertenterprise.com\/wp-content\/uploads\/sites\/3\/2025\/04\/Thumnbnail-AE-Emergency-Mustering-Data-Sheet-FINAL-high-res-11.7.24-thumbnail-1223x1536.png 1223w, https:\/\/es.alertenterprise.com\/wp-content\/uploads\/sites\/3\/2025\/04\/Thumnbnail-AE-Emergency-Mustering-Data-Sheet-FINAL-high-res-11.7.24-thumbnail-10x12.png 10w, https:\/\/es.alertenterprise.com\/wp-content\/uploads\/sites\/3\/2025\/04\/Thumnbnail-AE-Emergency-Mustering-Data-Sheet-FINAL-high-res-11.7.24-thumbnail.png 1470w\" sizes=\"(max-width: 800px) 100vw, 800px\" \/>\t\t\t\t\t\t\t\t<\/a>\n\t\t\t\t\t\t\t\t\t\t\t\t\t\t\t<\/div>\n\t\t\t\t<\/div>\n\t\t\t\t<\/div>\n\t\t<div data-particle_enable=\"false\" data-particle-mobile-disabled=\"false\" class=\"elementor-element elementor-element-6079763 e-con-full e-flex e-con e-child\" data-id=\"6079763\" data-element_type=\"container\" data-e-type=\"container\">\n\t\t\t\t<div class=\"elementor-element elementor-element-2ec0c84 dce_masking-none elementor-widget elementor-widget-image\" data-id=\"2ec0c84\" data-element_type=\"widget\" data-e-type=\"widget\" data-widget_type=\"image.default\">\n\t\t\t\t<div class=\"elementor-widget-container\">\n\t\t\t\t\t\t\t\t\t\t\t\t\t\t\t\t<a href=\"https:\/\/alertenterprise.com\/wp-content\/uploads\/2024\/08\/AE-Guardian-PIAM-Data-Sheet-FINAL-high-res-8.16.24-compressed.pdf\" target=\"_blank\">\n\t\t\t\t\t\t\t<img decoding=\"async\" src=\"https:\/\/alertenterprise.com\/wp-content\/uploads\/2024\/08\/PIAM-DS.jpg\" title=\"\" alt=\"\" loading=\"lazy\" \/>\t\t\t\t\t\t\t\t<\/a>\n\t\t\t\t\t\t\t\t\t\t\t\t\t\t\t<\/div>\n\t\t\t\t<\/div>\n\t\t\t\t<\/div>\n\t\t<div data-particle_enable=\"false\" data-particle-mobile-disabled=\"false\" class=\"elementor-element elementor-element-6ef7e8e e-con-full e-flex e-con e-child\" data-id=\"6ef7e8e\" data-element_type=\"container\" data-e-type=\"container\">\n\t\t\t\t<div class=\"elementor-element elementor-element-fc4bc72 dce_masking-none elementor-widget elementor-widget-image\" data-id=\"fc4bc72\" data-element_type=\"widget\" data-e-type=\"widget\" data-widget_type=\"image.default\">\n\t\t\t\t<div class=\"elementor-widget-container\">\n\t\t\t\t\t\t\t\t\t\t\t\t\t\t\t\t<a href=\"https:\/\/alertenterprise.com\/wp-content\/uploads\/2024\/07\/AE-Mobile-Credentials-Data-Sheet-FINAL-high-res-7.19.24.pdf\" target=\"_blank\">\n\t\t\t\t\t\t\t<img decoding=\"async\" src=\"https:\/\/alertenterprise.com\/wp-content\/uploads\/2023\/10\/AE-Mobile-Credentials-Data-Sheet-FINAL-high-res-10.19.png\" title=\"\" alt=\"\" loading=\"lazy\" \/>\t\t\t\t\t\t\t\t<\/a>\n\t\t\t\t\t\t\t\t\t\t\t\t\t\t\t<\/div>\n\t\t\t\t<\/div>\n\t\t\t\t<\/div>\n\t\t<div data-particle_enable=\"false\" data-particle-mobile-disabled=\"false\" class=\"elementor-element elementor-element-6edf8df e-con-full e-flex e-con e-child\" data-id=\"6edf8df\" data-element_type=\"container\" data-e-type=\"container\">\n\t\t\t\t<div class=\"elementor-element elementor-element-ee0292f dce_masking-none elementor-widget elementor-widget-image\" data-id=\"ee0292f\" data-element_type=\"widget\" data-e-type=\"widget\" data-widget_type=\"image.default\">\n\t\t\t\t<div class=\"elementor-widget-container\">\n\t\t\t\t\t\t\t\t\t\t\t\t\t\t\t\t<a href=\"https:\/\/alertenterprise.com\/wp-content\/uploads\/2023\/11\/AE-Guardian-SOC-Insights-Data-Sheet-FINAL-low-res-11.16.23.pdf\" target=\"_blank\">\n\t\t\t\t\t\t\t<img decoding=\"async\" src=\"https:\/\/alertenterprise.com\/wp-content\/uploads\/2023\/11\/AE-Guardian-SOC-Insights-Data-Sheet-FINAL-high-res-11.16.png\" title=\"\" alt=\"\" loading=\"lazy\" \/>\t\t\t\t\t\t\t\t<\/a>\n\t\t\t\t\t\t\t\t\t\t\t\t\t\t\t<\/div>\n\t\t\t\t<\/div>\n\t\t\t\t<\/div>\n\t\t\t\t<div class=\"elementor-element elementor-element-349959a dce_masking-none elementor-widget elementor-widget-image\" data-id=\"349959a\" data-element_type=\"widget\" data-e-type=\"widget\" data-widget_type=\"image.default\">\n\t\t\t\t<div class=\"elementor-widget-container\">\n\t\t\t\t\t\t\t\t\t\t\t\t\t\t\t\t<a href=\"https:\/\/alertenterprise.com\/wp-content\/uploads\/2023\/11\/AE-Guardian-IAM-Data-Sheet-FINAL-low-res-11.21.23.pdf\" target=\"_blank\">\n\t\t\t\t\t\t\t<img decoding=\"async\" src=\"https:\/\/alertenterprise.com\/wp-content\/uploads\/2023\/11\/AE-Guardian-IAM-Data-Sheet-FINAL-low-res-11.21.png\" title=\"\" alt=\"\" loading=\"lazy\" \/>\t\t\t\t\t\t\t\t<\/a>\n\t\t\t\t\t\t\t\t\t\t\t\t\t\t\t<\/div>\n\t\t\t\t<\/div>\n\t\t\t\t<div class=\"elementor-element elementor-element-154bbbb dce_masking-none elementor-widget elementor-widget-image\" data-id=\"154bbbb\" data-element_type=\"widget\" data-e-type=\"widget\" data-widget_type=\"image.default\">\n\t\t\t\t<div class=\"elementor-widget-container\">\n\t\t\t\t\t\t\t\t\t\t\t\t\t\t\t\t<a href=\"https:\/\/sia3wppjmup3-u4748.pressidiumcdn.com\/wp-content\/uploads\/2023\/12\/AE-VIM-Data-Sheet-FINAL-high-res-12.20.23-min.pdf\" target=\"_blank\">\n\t\t\t\t\t\t\t<img decoding=\"async\" width=\"791\" height=\"1024\" src=\"https:\/\/es.alertenterprise.com\/wp-content\/uploads\/sites\/3\/2023\/12\/AE-VIM-Data-Sheet-FINAL-high-res-12.20.23-min-01-791x1024.png\" class=\"attachment-large size-large wp-image-18901\" alt=\"\" srcset=\"https:\/\/es.alertenterprise.com\/wp-content\/uploads\/sites\/3\/2023\/12\/AE-VIM-Data-Sheet-FINAL-high-res-12.20.23-min-01-791x1024.png 791w, https:\/\/es.alertenterprise.com\/wp-content\/uploads\/sites\/3\/2023\/12\/AE-VIM-Data-Sheet-FINAL-high-res-12.20.23-min-01-232x300.png 232w, https:\/\/es.alertenterprise.com\/wp-content\/uploads\/sites\/3\/2023\/12\/AE-VIM-Data-Sheet-FINAL-high-res-12.20.23-min-01-768x994.png 768w, https:\/\/es.alertenterprise.com\/wp-content\/uploads\/sites\/3\/2023\/12\/AE-VIM-Data-Sheet-FINAL-high-res-12.20.23-min-01-1187x1536.png 1187w, https:\/\/es.alertenterprise.com\/wp-content\/uploads\/sites\/3\/2023\/12\/AE-VIM-Data-Sheet-FINAL-high-res-12.20.23-min-01-1583x2048.png 1583w, https:\/\/es.alertenterprise.com\/wp-content\/uploads\/sites\/3\/2023\/12\/AE-VIM-Data-Sheet-FINAL-high-res-12.20.23-min-01.png 1700w\" sizes=\"(max-width: 791px) 100vw, 791px\" \/>\t\t\t\t\t\t\t\t<\/a>\n\t\t\t\t\t\t\t\t\t\t\t\t\t\t\t<\/div>\n\t\t\t\t<\/div>\n\t\t\t\t<div class=\"elementor-element elementor-element-a8d3c06 dce_masking-none elementor-widget elementor-widget-image\" data-id=\"a8d3c06\" data-element_type=\"widget\" data-e-type=\"widget\" data-widget_type=\"image.default\">\n\t\t\t\t<div class=\"elementor-widget-container\">\n\t\t\t\t\t\t\t\t\t\t\t\t\t\t\t\t<a href=\"https:\/\/alertenterprise.com\/wp-content\/uploads\/2024\/04\/AE-VIM-EPIC-Data-Sheet-Rev-4.15.24.pdf\" target=\"_blank\">\n\t\t\t\t\t\t\t<img loading=\"lazy\" decoding=\"async\" width=\"784\" height=\"1024\" src=\"https:\/\/es.alertenterprise.com\/wp-content\/uploads\/sites\/3\/2024\/07\/thumbnail-datasheet-healthcare-vim-784x1024-1.png\" class=\"attachment-large size-large wp-image-25957\" alt=\"\" srcset=\"https:\/\/es.alertenterprise.com\/wp-content\/uploads\/sites\/3\/2024\/07\/thumbnail-datasheet-healthcare-vim-784x1024-1.png 784w, https:\/\/es.alertenterprise.com\/wp-content\/uploads\/sites\/3\/2024\/07\/thumbnail-datasheet-healthcare-vim-784x1024-1-230x300.png 230w, https:\/\/es.alertenterprise.com\/wp-content\/uploads\/sites\/3\/2024\/07\/thumbnail-datasheet-healthcare-vim-784x1024-1-768x1003.png 768w, https:\/\/es.alertenterprise.com\/wp-content\/uploads\/sites\/3\/2024\/07\/thumbnail-datasheet-healthcare-vim-784x1024-1-9x12.png 9w\" sizes=\"(max-width: 784px) 100vw, 784px\" \/>\t\t\t\t\t\t\t\t<\/a>\n\t\t\t\t\t\t\t\t\t\t\t\t\t\t\t<\/div>\n\t\t\t\t<\/div>\n\t\t\t\t\t<\/div>\n\t\t\t\t<\/div>\n\t\t\t\t<\/div>","protected":false},"excerpt":{"rendered":"<p>Archivos: Todas las fichas t\u00e9cnicas<\/p>","protected":false},"author":12,"featured_media":0,"parent":14398,"menu_order":0,"comment_status":"closed","ping_status":"closed","template":"","meta":{"_acf_changed":false,"footnotes":""},"class_list":["post-16234","page","type-page","status-publish","hentry"],"acf":[],"yoast_head":"<!-- This site is optimized with the Yoast SEO plugin v27.3 - https:\/\/yoast.com\/product\/yoast-seo-wordpress\/ -->\n<title>Fichas t\u00e9cnicas - Todos - AlertEnterpise-es<\/title>\n<meta name=\"description\" content=\"Accede a informaci\u00f3n detallada, caracter\u00edsticas y especificaciones de nuestros productos y servicios innovadores a trav\u00e9s de nuestra colecci\u00f3n de fichas t\u00e9cnicas.\" \/>\n<meta name=\"robots\" content=\"index, follow, max-snippet:-1, max-image-preview:large, max-video-preview:-1\" \/>\n<link rel=\"canonical\" href=\"https:\/\/es.alertenterprise.com\/es\/resource-center\/datasheets-all\/\" \/>\n<meta property=\"og:locale\" content=\"es_MX\" \/>\n<meta property=\"og:type\" content=\"article\" \/>\n<meta property=\"og:title\" content=\"Fichas t\u00e9cnicas - Todos - AlertEnterpise-es\" \/>\n<meta property=\"og:description\" content=\"Accede a informaci\u00f3n detallada, caracter\u00edsticas y especificaciones de nuestros productos y servicios innovadores a trav\u00e9s de nuestra colecci\u00f3n de fichas t\u00e9cnicas.\" \/>\n<meta property=\"og:url\" content=\"https:\/\/es.alertenterprise.com\/es\/resource-center\/datasheets-all\/\" \/>\n<meta property=\"og:site_name\" content=\"AlertEnterpise-es\" \/>\n<meta property=\"article:modified_time\" content=\"2025-04-25T16:42:44+00:00\" \/>\n<meta property=\"og:image\" content=\"https:\/\/es.alertenterprise.com\/wp-content\/uploads\/sites\/3\/2025\/04\/Thumbnail-Guardian-on-ServiceNow-794x1024.jpg\" \/>\n<meta name=\"twitter:card\" content=\"summary_large_image\" \/>\n<meta name=\"twitter:label1\" content=\"Tiempo de lectura\" \/>\n\t<meta name=\"twitter:data1\" content=\"2 minutos\" \/>\n<script type=\"application\/ld+json\" class=\"yoast-schema-graph\">{\"@context\":\"https:\\\/\\\/schema.org\",\"@graph\":[{\"@type\":\"WebPage\",\"@id\":\"https:\\\/\\\/es.alertenterprise.com\\\/en\\\/resource-center\\\/datasheets-all\\\/\",\"url\":\"https:\\\/\\\/es.alertenterprise.com\\\/en\\\/resource-center\\\/datasheets-all\\\/\",\"name\":\"Fichas t\u00e9cnicas - Todos - AlertEnterpise-es\",\"isPartOf\":{\"@id\":\"https:\\\/\\\/es.alertenterprise.com\\\/es\\\/#website\"},\"primaryImageOfPage\":{\"@id\":\"https:\\\/\\\/es.alertenterprise.com\\\/en\\\/resource-center\\\/datasheets-all\\\/#primaryimage\"},\"image\":{\"@id\":\"https:\\\/\\\/es.alertenterprise.com\\\/en\\\/resource-center\\\/datasheets-all\\\/#primaryimage\"},\"thumbnailUrl\":\"https:\\\/\\\/es.alertenterprise.com\\\/wp-content\\\/uploads\\\/sites\\\/3\\\/2025\\\/04\\\/Thumbnail-Guardian-on-ServiceNow-794x1024.jpg\",\"datePublished\":\"2023-04-05T19:41:53+00:00\",\"dateModified\":\"2025-04-25T16:42:44+00:00\",\"description\":\"Accede a informaci\u00f3n detallada, caracter\u00edsticas y especificaciones de nuestros productos y servicios innovadores a trav\u00e9s de nuestra colecci\u00f3n de fichas t\u00e9cnicas.\",\"breadcrumb\":{\"@id\":\"https:\\\/\\\/es.alertenterprise.com\\\/en\\\/resource-center\\\/datasheets-all\\\/#breadcrumb\"},\"inLanguage\":\"es\",\"potentialAction\":[{\"@type\":\"ReadAction\",\"target\":[\"https:\\\/\\\/es.alertenterprise.com\\\/en\\\/resource-center\\\/datasheets-all\\\/\"]}]},{\"@type\":\"ImageObject\",\"inLanguage\":\"es\",\"@id\":\"https:\\\/\\\/es.alertenterprise.com\\\/en\\\/resource-center\\\/datasheets-all\\\/#primaryimage\",\"url\":\"https:\\\/\\\/es.alertenterprise.com\\\/wp-content\\\/uploads\\\/sites\\\/3\\\/2025\\\/04\\\/Thumbnail-Guardian-on-ServiceNow-794x1024.jpg\",\"contentUrl\":\"https:\\\/\\\/es.alertenterprise.com\\\/wp-content\\\/uploads\\\/sites\\\/3\\\/2025\\\/04\\\/Thumbnail-Guardian-on-ServiceNow-794x1024.jpg\"},{\"@type\":\"BreadcrumbList\",\"@id\":\"https:\\\/\\\/es.alertenterprise.com\\\/en\\\/resource-center\\\/datasheets-all\\\/#breadcrumb\",\"itemListElement\":[{\"@type\":\"ListItem\",\"position\":1,\"name\":\"Home\",\"item\":\"https:\\\/\\\/es.alertenterprise.com\\\/es\\\/\"},{\"@type\":\"ListItem\",\"position\":2,\"name\":\"Centro de recursos\",\"item\":\"https:\\\/\\\/es.alertenterprise.com\\\/es\\\/resource-center\\\/\"},{\"@type\":\"ListItem\",\"position\":3,\"name\":\"Fichas t\u00e9cnicas &#8211; Todos\"}]},{\"@type\":\"WebSite\",\"@id\":\"https:\\\/\\\/es.alertenterprise.com\\\/es\\\/#website\",\"url\":\"https:\\\/\\\/es.alertenterprise.com\\\/es\\\/\",\"name\":\"AlertEnterpise-es\",\"description\":\"Physical | Logical Security Convergence\",\"publisher\":{\"@id\":\"https:\\\/\\\/es.alertenterprise.com\\\/es\\\/#organization\"},\"potentialAction\":[{\"@type\":\"SearchAction\",\"target\":{\"@type\":\"EntryPoint\",\"urlTemplate\":\"https:\\\/\\\/es.alertenterprise.com\\\/es\\\/?s={search_term_string}\"},\"query-input\":{\"@type\":\"PropertyValueSpecification\",\"valueRequired\":true,\"valueName\":\"search_term_string\"}}],\"inLanguage\":\"es\"},{\"@type\":\"Organization\",\"@id\":\"https:\\\/\\\/es.alertenterprise.com\\\/es\\\/#organization\",\"name\":\"Alert Enterprise\",\"url\":\"https:\\\/\\\/es.alertenterprise.com\\\/es\\\/\",\"logo\":{\"@type\":\"ImageObject\",\"inLanguage\":\"es\",\"@id\":\"https:\\\/\\\/es.alertenterprise.com\\\/es\\\/#\\\/schema\\\/logo\\\/image\\\/\",\"url\":\"https:\\\/\\\/es.alertenterprise.com\\\/wp-content\\\/uploads\\\/sites\\\/3\\\/2024\\\/10\\\/logo.png\",\"contentUrl\":\"https:\\\/\\\/es.alertenterprise.com\\\/wp-content\\\/uploads\\\/sites\\\/3\\\/2024\\\/10\\\/logo.png\",\"width\":888,\"height\":138,\"caption\":\"Alert Enterprise\"},\"image\":{\"@id\":\"https:\\\/\\\/es.alertenterprise.com\\\/es\\\/#\\\/schema\\\/logo\\\/image\\\/\"}}]}<\/script>\n<!-- \/ Yoast SEO plugin. -->","yoast_head_json":{"title":"Fichas t\u00e9cnicas - Todos - AlertEnterpise-es","description":"Acceda a informaci\u00f3n detallada, caracter\u00edsticas y especificaciones de nuestros productos y servicios innovadores a trav\u00e9s de nuestra colecci\u00f3n de fichas t\u00e9cnicas.","robots":{"index":"index","follow":"follow","max-snippet":"max-snippet:-1","max-image-preview":"max-image-preview:large","max-video-preview":"max-video-preview:-1"},"canonical":"https:\/\/es.alertenterprise.com\/es\/resource-center\/datasheets-all\/","og_locale":"es_MX","og_type":"article","og_title":"Fichas t\u00e9cnicas - Todos - AlertEnterpise-es","og_description":"Accede a informaci\u00f3n detallada, caracter\u00edsticas y especificaciones de nuestros productos y servicios innovadores a trav\u00e9s de nuestra colecci\u00f3n de fichas t\u00e9cnicas.","og_url":"https:\/\/es.alertenterprise.com\/es\/resource-center\/datasheets-all\/","og_site_name":"AlertEnterpise-es","article_modified_time":"2025-04-25T16:42:44+00:00","og_image":[{"url":"https:\/\/es.alertenterprise.com\/wp-content\/uploads\/sites\/3\/2025\/04\/Thumbnail-Guardian-on-ServiceNow-794x1024.jpg","type":"","width":"","height":""}],"twitter_card":"summary_large_image","twitter_misc":{"Tiempo de lectura":"2 minutos"},"schema":{"@context":"https:\/\/schema.org","@graph":[{"@type":"WebPage","@id":"https:\/\/es.alertenterprise.com\/en\/resource-center\/datasheets-all\/","url":"https:\/\/es.alertenterprise.com\/en\/resource-center\/datasheets-all\/","name":"Fichas t\u00e9cnicas - Todos - AlertEnterpise-es","isPartOf":{"@id":"https:\/\/es.alertenterprise.com\/es\/#website"},"primaryImageOfPage":{"@id":"https:\/\/es.alertenterprise.com\/en\/resource-center\/datasheets-all\/#primaryimage"},"image":{"@id":"https:\/\/es.alertenterprise.com\/en\/resource-center\/datasheets-all\/#primaryimage"},"thumbnailUrl":"https:\/\/es.alertenterprise.com\/wp-content\/uploads\/sites\/3\/2025\/04\/Thumbnail-Guardian-on-ServiceNow-794x1024.jpg","datePublished":"2023-04-05T19:41:53+00:00","dateModified":"2025-04-25T16:42:44+00:00","description":"Acceda a informaci\u00f3n detallada, caracter\u00edsticas y especificaciones de nuestros productos y servicios innovadores a trav\u00e9s de nuestra colecci\u00f3n de fichas t\u00e9cnicas.","breadcrumb":{"@id":"https:\/\/es.alertenterprise.com\/en\/resource-center\/datasheets-all\/#breadcrumb"},"inLanguage":"es","potentialAction":[{"@type":"ReadAction","target":["https:\/\/es.alertenterprise.com\/en\/resource-center\/datasheets-all\/"]}]},{"@type":"ImageObject","inLanguage":"es","@id":"https:\/\/es.alertenterprise.com\/en\/resource-center\/datasheets-all\/#primaryimage","url":"https:\/\/es.alertenterprise.com\/wp-content\/uploads\/sites\/3\/2025\/04\/Thumbnail-Guardian-on-ServiceNow-794x1024.jpg","contentUrl":"https:\/\/es.alertenterprise.com\/wp-content\/uploads\/sites\/3\/2025\/04\/Thumbnail-Guardian-on-ServiceNow-794x1024.jpg"},{"@type":"BreadcrumbList","@id":"https:\/\/es.alertenterprise.com\/en\/resource-center\/datasheets-all\/#breadcrumb","itemListElement":[{"@type":"ListItem","position":1,"name":"Home","item":"https:\/\/es.alertenterprise.com\/es\/"},{"@type":"ListItem","position":2,"name":"Centro de recursos","item":"https:\/\/es.alertenterprise.com\/es\/resource-center\/"},{"@type":"ListItem","position":3,"name":"Fichas t\u00e9cnicas &#8211; Todos"}]},{"@type":"WebSite","@id":"https:\/\/es.alertenterprise.com\/es\/#website","url":"https:\/\/es.alertenterprise.com\/es\/","name":"AlertaEnterpise-es","description":"Convergencia de la seguridad f\u00edsica y l\u00f3gica","publisher":{"@id":"https:\/\/es.alertenterprise.com\/es\/#organization"},"potentialAction":[{"@type":"SearchAction","target":{"@type":"EntryPoint","urlTemplate":"https:\/\/es.alertenterprise.com\/es\/?s={search_term_string}"},"query-input":{"@type":"PropertyValueSpecification","valueRequired":true,"valueName":"search_term_string"}}],"inLanguage":"es"},{"@type":"Organization","@id":"https:\/\/es.alertenterprise.com\/es\/#organization","name":"Alerta Empresa","url":"https:\/\/es.alertenterprise.com\/es\/","logo":{"@type":"ImageObject","inLanguage":"es","@id":"https:\/\/es.alertenterprise.com\/es\/#\/schema\/logo\/image\/","url":"https:\/\/es.alertenterprise.com\/wp-content\/uploads\/sites\/3\/2024\/10\/logo.png","contentUrl":"https:\/\/es.alertenterprise.com\/wp-content\/uploads\/sites\/3\/2024\/10\/logo.png","width":888,"height":138,"caption":"Alert Enterprise"},"image":{"@id":"https:\/\/es.alertenterprise.com\/es\/#\/schema\/logo\/image\/"}}]}},"_links":{"self":[{"href":"https:\/\/es.alertenterprise.com\/es\/wp-json\/wp\/v2\/pages\/16234","targetHints":{"allow":["GET"]}}],"collection":[{"href":"https:\/\/es.alertenterprise.com\/es\/wp-json\/wp\/v2\/pages"}],"about":[{"href":"https:\/\/es.alertenterprise.com\/es\/wp-json\/wp\/v2\/types\/page"}],"author":[{"embeddable":true,"href":"https:\/\/es.alertenterprise.com\/es\/wp-json\/wp\/v2\/users\/12"}],"replies":[{"embeddable":true,"href":"https:\/\/es.alertenterprise.com\/es\/wp-json\/wp\/v2\/comments?post=16234"}],"version-history":[{"count":5,"href":"https:\/\/es.alertenterprise.com\/es\/wp-json\/wp\/v2\/pages\/16234\/revisions"}],"predecessor-version":[{"id":44600,"href":"https:\/\/es.alertenterprise.com\/es\/wp-json\/wp\/v2\/pages\/16234\/revisions\/44600"}],"up":[{"embeddable":true,"href":"https:\/\/es.alertenterprise.com\/es\/wp-json\/wp\/v2\/pages\/14398"}],"wp:attachment":[{"href":"https:\/\/es.alertenterprise.com\/es\/wp-json\/wp\/v2\/media?parent=16234"}],"curies":[{"name":"wp","href":"https:\/\/api.w.org\/{rel}","templated":true}]}}