{"id":17212,"date":"2023-11-16T22:50:03","date_gmt":"2023-11-16T22:50:03","guid":{"rendered":"https:\/\/es.alertenterprise.com\/?page_id=17212"},"modified":"2024-02-15T20:37:01","modified_gmt":"2024-02-15T20:37:01","slug":"wavelynx","status":"publish","type":"page","link":"https:\/\/es.alertenterprise.com\/es\/partners\/wavelynx\/","title":{"rendered":"Wavelynx"},"content":{"rendered":"<div data-elementor-type=\"wp-page\" data-elementor-id=\"17212\" class=\"elementor elementor-17212\" data-elementor-post-type=\"page\">\n\t\t\t\t<div data-particle_enable=\"false\" data-particle-mobile-disabled=\"false\" data-dce-background-image-url=\"https:\/\/alertenterprise.com\/wp-content\/uploads\/2023\/08\/Screenshot-2023-08-27-at-10.37.30-PM.png\" class=\"elementor-element elementor-element-183e7a86 e-grid e-con-boxed e-con e-parent\" data-id=\"183e7a86\" data-element_type=\"container\" data-settings=\"{&quot;background_background&quot;:&quot;classic&quot;}\">\n\t\t\t\t\t<div class=\"e-con-inner\">\n\t\t<div data-particle_enable=\"false\" data-particle-mobile-disabled=\"false\" data-dce-background-image-url=\"https:\/\/alertenterprise.com\/wp-content\/uploads\/2023\/11\/Rectangle-1063.jpg\" class=\"elementor-element elementor-element-24c4cabe e-flex e-con-boxed e-con e-child\" data-id=\"24c4cabe\" data-element_type=\"container\" data-settings=\"{&quot;background_background&quot;:&quot;classic&quot;}\">\n\t\t\t\t\t<div class=\"e-con-inner\">\n\t\t\t\t\t<\/div>\n\t\t\t\t<\/div>\n\t\t<div data-particle_enable=\"false\" data-particle-mobile-disabled=\"false\" class=\"elementor-element elementor-element-4e0ca414 e-flex e-con-boxed e-con e-child\" data-id=\"4e0ca414\" data-element_type=\"container\">\n\t\t\t\t\t<div class=\"e-con-inner\">\n\t\t\t\t<div class=\"elementor-element elementor-element-54be5d1b elementor-widget elementor-widget-heading\" data-id=\"54be5d1b\" data-element_type=\"widget\" data-widget_type=\"heading.default\">\n\t\t\t\t<div class=\"elementor-widget-container\">\n\t\t\t\t\t<h2 class=\"elementor-heading-title elementor-size-default\">Toca para acceder (no se requiere insignia f\u00edsica).<\/h2>\t\t\t\t<\/div>\n\t\t\t\t<\/div>\n\t\t\t\t<div class=\"elementor-element elementor-element-2f2bcd7f elementor-widget elementor-widget-text-editor\" data-id=\"2f2bcd7f\" data-element_type=\"widget\" data-widget_type=\"text-editor.default\">\n\t\t\t\t<div class=\"elementor-widget-container\">\n\t\t\t\t\t\t\t\t\t<p>Ahora su tel\u00e9fono puede hacerlo todo, incluso permitir un acceso seguro y r\u00e1pido al lugar de trabajo. Con la insignia de empleado en Apple y Google Wallet, los usuarios pueden simplemente sostener su tel\u00e9fono o reloj inteligente frente a un lector de Wavelynx para desbloquear al instante puertas y equipos de oficina.<br \/><br \/>P.D. \u00a1Tambi\u00e9n simplifica las cosas para su equipo de seguridad!<\/p>\t\t\t\t\t\t\t\t<\/div>\n\t\t\t\t<\/div>\n\t\t\t\t<div class=\"elementor-element elementor-element-2b23f451 dce_masking-none elementor-widget elementor-widget-image\" data-id=\"2b23f451\" data-element_type=\"widget\" data-widget_type=\"image.default\">\n\t\t\t\t<div class=\"elementor-widget-container\">\n\t\t\t\t\t\t\t\t\t\t\t\t\t\t\t<img fetchpriority=\"high\" decoding=\"async\" width=\"543\" height=\"124\" src=\"https:\/\/es.alertenterprise.com\/wp-content\/uploads\/sites\/3\/2023\/11\/wavelynx-x2.png\" class=\"attachment-full size-full wp-image-17203\" alt=\"\" srcset=\"https:\/\/es.alertenterprise.com\/wp-content\/uploads\/sites\/3\/2023\/11\/wavelynx-x2.png 543w, https:\/\/es.alertenterprise.com\/wp-content\/uploads\/sites\/3\/2023\/11\/wavelynx-x2-300x69.png 300w\" sizes=\"(max-width: 543px) 100vw, 543px\" \/>\t\t\t\t\t\t\t\t\t\t\t\t\t\t\t<\/div>\n\t\t\t\t<\/div>\n\t\t\t\t<div class=\"elementor-element elementor-element-1dbb7379 elementor-widget elementor-widget-button\" data-id=\"1dbb7379\" data-element_type=\"widget\" data-widget_type=\"button.default\">\n\t\t\t\t<div class=\"elementor-widget-container\">\n\t\t\t\t\t\t\t\t\t<div class=\"elementor-button-wrapper\">\n\t\t\t\t\t<a class=\"elementor-button elementor-button-link elementor-size-sm\" href=\"https:\/\/es.alertenterprise.com\/es\/nfcmc\/\" target=\"_blank\">\n\t\t\t\t\t\t<span class=\"elementor-button-content-wrapper\">\n\t\t\t\t\t\t\t\t\t<span class=\"elementor-button-text\">Empecemos de una vez<\/span>\n\t\t\t\t\t<\/span>\n\t\t\t\t\t<\/a>\n\t\t\t\t<\/div>\n\t\t\t\t\t\t\t\t<\/div>\n\t\t\t\t<\/div>\n\t\t\t\t\t<\/div>\n\t\t\t\t<\/div>\n\t\t\t\t\t<\/div>\n\t\t\t\t<\/div>\n\t\t<div data-particle_enable=\"false\" data-particle-mobile-disabled=\"false\" class=\"elementor-element elementor-element-269c48e6 e-grid e-con-boxed e-con e-parent\" data-id=\"269c48e6\" data-element_type=\"container\" data-settings=\"{&quot;background_background&quot;:&quot;classic&quot;}\">\n\t\t\t\t\t<div class=\"e-con-inner\">\n\t\t<div data-particle_enable=\"false\" data-particle-mobile-disabled=\"false\" class=\"elementor-element elementor-element-215c6c7e e-flex e-con-boxed e-con e-child\" data-id=\"215c6c7e\" data-element_type=\"container\">\n\t\t\t\t\t<div class=\"e-con-inner\">\n\t\t\t\t<div class=\"elementor-element elementor-element-7b5b2e06 elementor-widget elementor-widget-heading\" data-id=\"7b5b2e06\" data-element_type=\"widget\" data-widget_type=\"heading.default\">\n\t\t\t\t<div class=\"elementor-widget-container\">\n\t\t\t\t\t<h2 class=\"elementor-heading-title elementor-size-default\">Acceso seguro en la parte delantera. Automatizaci\u00f3n en el reverso.<\/h2>\t\t\t\t<\/div>\n\t\t\t\t<\/div>\n\t\t\t\t\t<\/div>\n\t\t\t\t<\/div>\n\t\t<div data-particle_enable=\"false\" data-particle-mobile-disabled=\"false\" class=\"elementor-element elementor-element-33c0532e e-flex e-con-boxed e-con e-child\" data-id=\"33c0532e\" data-element_type=\"container\">\n\t\t\t\t\t<div class=\"e-con-inner\">\n\t\t\t\t<div class=\"elementor-element elementor-element-20329b01 elementor-widget elementor-widget-text-editor\" data-id=\"20329b01\" data-element_type=\"widget\" data-widget_type=\"text-editor.default\">\n\t\t\t\t<div class=\"elementor-widget-container\">\n\t\t\t\t\t\t\t\t\t<p>Con las credenciales de los empleados en las billeteras de Apple o Google, los empleados pueden entrar en los edificios tan r\u00e1pido como salen. En cuanto a su equipo de seguridad, podr\u00e1n gestionar todo el ciclo de vida de las credenciales desde una \u00fanica plataforma en la nube, lo que facilitar\u00e1 la activaci\u00f3n, desactivaci\u00f3n y supervisi\u00f3n.<\/p>\t\t\t\t\t\t\t\t<\/div>\n\t\t\t\t<\/div>\n\t\t\t\t<div class=\"elementor-element elementor-element-5275302f elementor-widget elementor-widget-button\" data-id=\"5275302f\" data-element_type=\"widget\" data-widget_type=\"button.default\">\n\t\t\t\t<div class=\"elementor-widget-container\">\n\t\t\t\t\t\t\t\t\t<div class=\"elementor-button-wrapper\">\n\t\t\t\t\t<a class=\"elementor-button elementor-button-link elementor-size-sm\" href=\"https:\/\/www.youtube.com\/watch?v=GVdxBuyNNxs&#038;list=PLbf5EBK8AdK6QcdHQSrbZNBm-7bP1-dTY&#038;index=3\" target=\"_blank\">\n\t\t\t\t\t\t<span class=\"elementor-button-content-wrapper\">\n\t\t\t\t\t\t\t\t\t<span class=\"elementor-button-text\">Ver en acci\u00f3n<\/span>\n\t\t\t\t\t<\/span>\n\t\t\t\t\t<\/a>\n\t\t\t\t<\/div>\n\t\t\t\t\t\t\t\t<\/div>\n\t\t\t\t<\/div>\n\t\t\t\t\t<\/div>\n\t\t\t\t<\/div>\n\t\t\t\t\t<\/div>\n\t\t\t\t<\/div>\n\t\t<div data-particle_enable=\"false\" data-particle-mobile-disabled=\"false\" class=\"elementor-element elementor-element-26ffd499 e-grid e-con-boxed e-con e-parent\" data-id=\"26ffd499\" data-element_type=\"container\" data-settings=\"{&quot;background_background&quot;:&quot;classic&quot;}\">\n\t\t\t\t\t<div class=\"e-con-inner\">\n\t\t<div data-particle_enable=\"false\" data-particle-mobile-disabled=\"false\" class=\"elementor-element elementor-element-4efe9d6c e-flex e-con-boxed e-con e-child\" data-id=\"4efe9d6c\" data-element_type=\"container\" data-settings=\"{&quot;background_background&quot;:&quot;classic&quot;}\">\n\t\t\t\t\t<div class=\"e-con-inner\">\n\t\t\t\t<div class=\"elementor-element elementor-element-551b6f7d elementor-widget elementor-widget-heading\" data-id=\"551b6f7d\" data-element_type=\"widget\" data-widget_type=\"heading.default\">\n\t\t\t\t<div class=\"elementor-widget-container\">\n\t\t\t\t\t<h2 class=\"elementor-heading-title elementor-size-default\">Wavelynx + Guardi\u00e1n<\/h2>\t\t\t\t<\/div>\n\t\t\t\t<\/div>\n\t\t\t\t\t<\/div>\n\t\t\t\t<\/div>\n\t\t<div data-particle_enable=\"false\" data-particle-mobile-disabled=\"false\" class=\"elementor-element elementor-element-67c22db2 e-flex e-con-boxed e-con e-child\" data-id=\"67c22db2\" data-element_type=\"container\">\n\t\t\t\t\t<div class=\"e-con-inner\">\n\t\t\t\t<div class=\"elementor-element elementor-element-1b2a4db0 elementor-widget elementor-widget-text-editor\" data-id=\"1b2a4db0\" data-element_type=\"widget\" data-widget_type=\"text-editor.default\">\n\t\t\t\t<div class=\"elementor-widget-container\">\n\t\t\t\t\t\t\t\t\t<p>Es una ecuaci\u00f3n que siempre genera un resultado positivo. Con una plataforma de convergencia de seguridad ciberf\u00edsica que da prioridad al m\u00f3vil, obtendr\u00e1s:<\/p><ul><li>Compatibilidad total con lectores Wavelynx<\/li><li>Automatizaci\u00f3n completa con acceso basado en roles<\/li><li>Gesti\u00f3n de acceso y auditor\u00eda para trabajadores temporales<\/li><li>Portal de autoservicio para usuarios finales<\/li><li>Flujos de trabajo configurables para el acceso a sitios cr\u00edticos<\/li><li>Revisiones de acceso y recertificaci\u00f3n automatizadas<\/li><li>Detecci\u00f3n de anomal\u00edas e informes basados en IA para credenciales NFC<\/li><li>Integraci\u00f3n inmediata con varios sistemas de control de acceso f\u00edsico<\/li><\/ul>\t\t\t\t\t\t\t\t<\/div>\n\t\t\t\t<\/div>\n\t\t\t\t<div class=\"elementor-element elementor-element-6f3e4d55 elementor-widget elementor-widget-button\" data-id=\"6f3e4d55\" data-element_type=\"widget\" data-widget_type=\"button.default\">\n\t\t\t\t<div class=\"elementor-widget-container\">\n\t\t\t\t\t\t\t\t\t<div class=\"elementor-button-wrapper\">\n\t\t\t\t\t<a class=\"elementor-button elementor-button-link elementor-size-sm\" href=\"https:\/\/es.alertenterprise.com\/es\/blog\/press-release\/alertenterprise-launches-nfc-wallet-mobile-credentials-powered-by-wavelynx\/\">\n\t\t\t\t\t\t<span class=\"elementor-button-content-wrapper\">\n\t\t\t\t\t\t\t\t\t<span class=\"elementor-button-text\">Solo preg\u00fantale a la prensa.<\/span>\n\t\t\t\t\t<\/span>\n\t\t\t\t\t<\/a>\n\t\t\t\t<\/div>\n\t\t\t\t\t\t\t\t<\/div>\n\t\t\t\t<\/div>\n\t\t\t\t\t<\/div>\n\t\t\t\t<\/div>\n\t\t\t\t\t<\/div>\n\t\t\t\t<\/div>\n\t\t<div data-particle_enable=\"false\" data-particle-mobile-disabled=\"false\" class=\"elementor-element elementor-element-5896b237 e-flex e-con-boxed e-con e-parent\" data-id=\"5896b237\" data-element_type=\"container\">\n\t\t\t\t\t<div class=\"e-con-inner\">\n\t\t<div data-particle_enable=\"false\" data-particle-mobile-disabled=\"false\" data-dce-background-image-url=\"https:\/\/alertenterprise.com\/wp-content\/uploads\/2023\/08\/gradient-background-cta.jpg\" class=\"elementor-element elementor-element-39c0c17a e-flex e-con-boxed e-con e-child\" data-id=\"39c0c17a\" data-element_type=\"container\" data-settings=\"{&quot;background_background&quot;:&quot;classic&quot;}\">\n\t\t\t\t\t<div class=\"e-con-inner\">\n\t\t<div data-particle_enable=\"false\" data-particle-mobile-disabled=\"false\" class=\"elementor-element elementor-element-4ec65398 e-grid e-con-boxed e-con e-child\" data-id=\"4ec65398\" data-element_type=\"container\">\n\t\t\t\t\t<div class=\"e-con-inner\">\n\t\t\t\t<div class=\"elementor-element elementor-element-225c9d3a dce_masking-none elementor-widget elementor-widget-image\" data-id=\"225c9d3a\" data-element_type=\"widget\" data-widget_type=\"image.default\">\n\t\t\t\t<div class=\"elementor-widget-container\">\n\t\t\t\t\t\t\t\t\t\t\t\t\t\t\t<img decoding=\"async\" width=\"800\" height=\"473\" src=\"https:\/\/es.alertenterprise.com\/wp-content\/uploads\/sites\/3\/2023\/11\/Rectangle-1064-1024x606.jpg\" class=\"attachment-large size-large wp-image-17206\" alt=\"\" srcset=\"https:\/\/es.alertenterprise.com\/wp-content\/uploads\/sites\/3\/2023\/11\/Rectangle-1064-1024x606.jpg 1024w, https:\/\/es.alertenterprise.com\/wp-content\/uploads\/sites\/3\/2023\/11\/Rectangle-1064-300x177.jpg 300w, https:\/\/es.alertenterprise.com\/wp-content\/uploads\/sites\/3\/2023\/11\/Rectangle-1064-768x454.jpg 768w, https:\/\/es.alertenterprise.com\/wp-content\/uploads\/sites\/3\/2023\/11\/Rectangle-1064.jpg 1207w\" sizes=\"(max-width: 800px) 100vw, 800px\" \/>\t\t\t\t\t\t\t\t\t\t\t\t\t\t\t<\/div>\n\t\t\t\t<\/div>\n\t\t<div data-particle_enable=\"false\" data-particle-mobile-disabled=\"false\" class=\"elementor-element elementor-element-3cc40fd1 e-flex e-con-boxed e-con e-child\" data-id=\"3cc40fd1\" data-element_type=\"container\">\n\t\t\t\t\t<div class=\"e-con-inner\">\n\t\t\t\t<div class=\"elementor-element elementor-element-6c7e249e elementor-widget elementor-widget-heading\" data-id=\"6c7e249e\" data-element_type=\"widget\" data-widget_type=\"heading.default\">\n\t\t\t\t<div class=\"elementor-widget-container\">\n\t\t\t\t\t<h2 class=\"elementor-heading-title elementor-size-default\">Abre puertas con las credenciales m\u00f3viles de la cartera NFC<\/h2>\t\t\t\t<\/div>\n\t\t\t\t<\/div>\n\t\t\t\t<div class=\"elementor-element elementor-element-5ef8d28a elementor-widget elementor-widget-text-editor\" data-id=\"5ef8d28a\" data-element_type=\"widget\" data-widget_type=\"text-editor.default\">\n\t\t\t\t<div class=\"elementor-widget-container\">\n\t\t\t\t\t\t\t\t\t<p data-pm-slice=\"1 1 []\">Descubre c\u00f3mo las credenciales m\u00f3viles de cartera NFC pueden agilizar el control de acceso a tu empresa. \u00bfEst\u00e1s preparado?<\/p>\t\t\t\t\t\t\t\t<\/div>\n\t\t\t\t<\/div>\n\t\t\t\t<div class=\"elementor-element elementor-element-121aa3ea elementor-widget elementor-widget-button\" data-id=\"121aa3ea\" data-element_type=\"widget\" data-widget_type=\"button.default\">\n\t\t\t\t<div class=\"elementor-widget-container\">\n\t\t\t\t\t\t\t\t\t<div class=\"elementor-button-wrapper\">\n\t\t\t\t\t<a class=\"elementor-button elementor-button-link elementor-size-sm\" href=\"https:\/\/es.alertenterprise.com\/es\/contact\/\">\n\t\t\t\t\t\t<span class=\"elementor-button-content-wrapper\">\n\t\t\t\t\t\t\t\t\t<span class=\"elementor-button-text\">Reservar una demostraci\u00f3n<\/span>\n\t\t\t\t\t<\/span>\n\t\t\t\t\t<\/a>\n\t\t\t\t<\/div>\n\t\t\t\t\t\t\t\t<\/div>\n\t\t\t\t<\/div>\n\t\t\t\t\t<\/div>\n\t\t\t\t<\/div>\n\t\t\t\t\t<\/div>\n\t\t\t\t<\/div>\n\t\t\t\t\t<\/div>\n\t\t\t\t<\/div>\n\t\t\t\t\t<\/div>\n\t\t\t\t<\/div>\n\t\t\t\t<\/div>","protected":false},"excerpt":{"rendered":"<p>Toca para acceder (no se requiere insignia f\u00edsica). Ahora su tel\u00e9fono puede hacerlo todo, incluso permitir un acceso seguro y r\u00e1pido al lugar de trabajo. Con la insignia de empleado en Apple y Google Wallet, los usuarios pueden simplemente sostener su tel\u00e9fono o reloj inteligente frente a un lector de Wavelynx para desbloquear al instante [...].<\/p>","protected":false},"author":8,"featured_media":17209,"parent":14394,"menu_order":0,"comment_status":"closed","ping_status":"closed","template":"","meta":{"_acf_changed":false,"footnotes":""},"class_list":["post-17212","page","type-page","status-publish","has-post-thumbnail","hentry"],"acf":[],"yoast_head":"<!-- This site is optimized with the Yoast SEO plugin v26.9 - https:\/\/yoast.com\/product\/yoast-seo-wordpress\/ -->\n<title>Wavelynx - AlertEnterpise-es<\/title>\n<meta name=\"description\" content=\"Experimenta el futuro del control de accesos con nuestro software &quot;toca y accede&quot;, fruto de la colaboraci\u00f3n entre Wavelynx y Guardian.\" \/>\n<meta name=\"robots\" content=\"index, follow, max-snippet:-1, max-image-preview:large, max-video-preview:-1\" \/>\n<link rel=\"canonical\" href=\"https:\/\/es.alertenterprise.com\/es\/partners\/wavelynx\/\" \/>\n<meta property=\"og:locale\" content=\"es_MX\" \/>\n<meta property=\"og:type\" content=\"article\" \/>\n<meta property=\"og:title\" content=\"Wavelynx - AlertEnterpise-es\" \/>\n<meta property=\"og:description\" content=\"Experimenta el futuro del control de accesos con nuestro software &quot;toca y accede&quot;, fruto de la colaboraci\u00f3n entre Wavelynx y Guardian.\" \/>\n<meta property=\"og:url\" content=\"https:\/\/es.alertenterprise.com\/es\/partners\/wavelynx\/\" \/>\n<meta property=\"og:site_name\" content=\"AlertEnterpise-es\" \/>\n<meta property=\"article:modified_time\" content=\"2024-02-15T20:37:01+00:00\" \/>\n<meta property=\"og:image\" content=\"https:\/\/es.alertenterprise.com\/wp-content\/uploads\/sites\/3\/2023\/11\/Rectangle-1063.jpg\" \/>\n\t<meta property=\"og:image:width\" content=\"1466\" \/>\n\t<meta property=\"og:image:height\" content=\"1140\" \/>\n\t<meta property=\"og:image:type\" content=\"image\/jpeg\" \/>\n<meta name=\"twitter:card\" content=\"summary_large_image\" \/>\n<meta name=\"twitter:label1\" content=\"Tiempo de lectura\" \/>\n\t<meta name=\"twitter:data1\" content=\"2 minutos\" \/>\n<script type=\"application\/ld+json\" class=\"yoast-schema-graph\">{\"@context\":\"https:\/\/schema.org\",\"@graph\":[{\"@type\":\"WebPage\",\"@id\":\"https:\/\/es.alertenterprise.com\/es\/partners\/wavelynx\/\",\"url\":\"https:\/\/es.alertenterprise.com\/es\/partners\/wavelynx\/\",\"name\":\"Wavelynx - AlertEnterpise-es\",\"isPartOf\":{\"@id\":\"https:\/\/es.alertenterprise.com\/es\/#website\"},\"primaryImageOfPage\":{\"@id\":\"https:\/\/es.alertenterprise.com\/es\/partners\/wavelynx\/#primaryimage\"},\"image\":{\"@id\":\"https:\/\/es.alertenterprise.com\/es\/partners\/wavelynx\/#primaryimage\"},\"thumbnailUrl\":\"https:\/\/es.alertenterprise.com\/wp-content\/uploads\/sites\/3\/2023\/11\/Rectangle-1063.jpg\",\"datePublished\":\"2023-11-16T22:50:03+00:00\",\"dateModified\":\"2024-02-15T20:37:01+00:00\",\"description\":\"Experimenta el futuro del control de accesos con nuestro software \\\"toca y accede\\\", fruto de la colaboraci\u00f3n entre Wavelynx y Guardian.\",\"breadcrumb\":{\"@id\":\"https:\/\/es.alertenterprise.com\/es\/partners\/wavelynx\/#breadcrumb\"},\"inLanguage\":\"es\",\"potentialAction\":[{\"@type\":\"ReadAction\",\"target\":[\"https:\/\/es.alertenterprise.com\/es\/partners\/wavelynx\/\"]}]},{\"@type\":\"ImageObject\",\"inLanguage\":\"es\",\"@id\":\"https:\/\/es.alertenterprise.com\/es\/partners\/wavelynx\/#primaryimage\",\"url\":\"https:\/\/es.alertenterprise.com\/wp-content\/uploads\/sites\/3\/2023\/11\/Rectangle-1063.jpg\",\"contentUrl\":\"https:\/\/es.alertenterprise.com\/wp-content\/uploads\/sites\/3\/2023\/11\/Rectangle-1063.jpg\",\"width\":1466,\"height\":1140},{\"@type\":\"BreadcrumbList\",\"@id\":\"https:\/\/es.alertenterprise.com\/es\/partners\/wavelynx\/#breadcrumb\",\"itemListElement\":[{\"@type\":\"ListItem\",\"position\":1,\"name\":\"Home\",\"item\":\"https:\/\/es.alertenterprise.com\/es\/\"},{\"@type\":\"ListItem\",\"position\":2,\"name\":\"Socios\",\"item\":\"https:\/\/es.alertenterprise.com\/es\/partners\/\"},{\"@type\":\"ListItem\",\"position\":3,\"name\":\"Wavelynx\"}]},{\"@type\":\"WebSite\",\"@id\":\"https:\/\/es.alertenterprise.com\/es\/#website\",\"url\":\"https:\/\/es.alertenterprise.com\/es\/\",\"name\":\"AlertEnterpise-es\",\"description\":\"Physical | Logical Security Convergence\",\"publisher\":{\"@id\":\"https:\/\/es.alertenterprise.com\/es\/#organization\"},\"potentialAction\":[{\"@type\":\"SearchAction\",\"target\":{\"@type\":\"EntryPoint\",\"urlTemplate\":\"https:\/\/es.alertenterprise.com\/es\/?s={search_term_string}\"},\"query-input\":{\"@type\":\"PropertyValueSpecification\",\"valueRequired\":true,\"valueName\":\"search_term_string\"}}],\"inLanguage\":\"es\"},{\"@type\":\"Organization\",\"@id\":\"https:\/\/es.alertenterprise.com\/es\/#organization\",\"name\":\"Alert Enterprise\",\"url\":\"https:\/\/es.alertenterprise.com\/es\/\",\"logo\":{\"@type\":\"ImageObject\",\"inLanguage\":\"es\",\"@id\":\"https:\/\/es.alertenterprise.com\/es\/#\/schema\/logo\/image\/\",\"url\":\"https:\/\/es.alertenterprise.com\/wp-content\/uploads\/sites\/3\/2024\/10\/logo.png\",\"contentUrl\":\"https:\/\/es.alertenterprise.com\/wp-content\/uploads\/sites\/3\/2024\/10\/logo.png\",\"width\":888,\"height\":138,\"caption\":\"Alert Enterprise\"},\"image\":{\"@id\":\"https:\/\/es.alertenterprise.com\/es\/#\/schema\/logo\/image\/\"}}]}<\/script>\n<!-- \/ Yoast SEO plugin. -->","yoast_head_json":{"title":"Wavelynx - AlertEnterpise-es","description":"Experimenta el futuro del control de accesos con nuestro software \"toca y accede\", fruto de la colaboraci\u00f3n entre Wavelynx y Guardian.","robots":{"index":"index","follow":"follow","max-snippet":"max-snippet:-1","max-image-preview":"max-image-preview:large","max-video-preview":"max-video-preview:-1"},"canonical":"https:\/\/es.alertenterprise.com\/es\/partners\/wavelynx\/","og_locale":"es_MX","og_type":"article","og_title":"Wavelynx - AlertEnterpise-es","og_description":"Experimenta el futuro del control de accesos con nuestro software \"toca y accede\", fruto de la colaboraci\u00f3n entre Wavelynx y Guardian.","og_url":"https:\/\/es.alertenterprise.com\/es\/partners\/wavelynx\/","og_site_name":"AlertEnterpise-es","article_modified_time":"2024-02-15T20:37:01+00:00","og_image":[{"width":1466,"height":1140,"url":"https:\/\/es.alertenterprise.com\/wp-content\/uploads\/sites\/3\/2023\/11\/Rectangle-1063.jpg","type":"image\/jpeg"}],"twitter_card":"summary_large_image","twitter_misc":{"Tiempo de lectura":"2 minutos"},"schema":{"@context":"https:\/\/schema.org","@graph":[{"@type":"WebPage","@id":"https:\/\/es.alertenterprise.com\/es\/partners\/wavelynx\/","url":"https:\/\/es.alertenterprise.com\/es\/partners\/wavelynx\/","name":"Wavelynx - AlertEnterpise-es","isPartOf":{"@id":"https:\/\/es.alertenterprise.com\/es\/#website"},"primaryImageOfPage":{"@id":"https:\/\/es.alertenterprise.com\/es\/partners\/wavelynx\/#primaryimage"},"image":{"@id":"https:\/\/es.alertenterprise.com\/es\/partners\/wavelynx\/#primaryimage"},"thumbnailUrl":"https:\/\/es.alertenterprise.com\/wp-content\/uploads\/sites\/3\/2023\/11\/Rectangle-1063.jpg","datePublished":"2023-11-16T22:50:03+00:00","dateModified":"2024-02-15T20:37:01+00:00","description":"Experimenta el futuro del control de accesos con nuestro software \"toca y accede\", fruto de la colaboraci\u00f3n entre Wavelynx y Guardian.","breadcrumb":{"@id":"https:\/\/es.alertenterprise.com\/es\/partners\/wavelynx\/#breadcrumb"},"inLanguage":"es","potentialAction":[{"@type":"ReadAction","target":["https:\/\/es.alertenterprise.com\/es\/partners\/wavelynx\/"]}]},{"@type":"ImageObject","inLanguage":"es","@id":"https:\/\/es.alertenterprise.com\/es\/partners\/wavelynx\/#primaryimage","url":"https:\/\/es.alertenterprise.com\/wp-content\/uploads\/sites\/3\/2023\/11\/Rectangle-1063.jpg","contentUrl":"https:\/\/es.alertenterprise.com\/wp-content\/uploads\/sites\/3\/2023\/11\/Rectangle-1063.jpg","width":1466,"height":1140},{"@type":"BreadcrumbList","@id":"https:\/\/es.alertenterprise.com\/es\/partners\/wavelynx\/#breadcrumb","itemListElement":[{"@type":"ListItem","position":1,"name":"Home","item":"https:\/\/es.alertenterprise.com\/es\/"},{"@type":"ListItem","position":2,"name":"Socios","item":"https:\/\/es.alertenterprise.com\/es\/partners\/"},{"@type":"ListItem","position":3,"name":"Wavelynx"}]},{"@type":"WebSite","@id":"https:\/\/es.alertenterprise.com\/es\/#website","url":"https:\/\/es.alertenterprise.com\/es\/","name":"AlertaEnterpise-es","description":"Convergencia de la seguridad f\u00edsica y l\u00f3gica","publisher":{"@id":"https:\/\/es.alertenterprise.com\/es\/#organization"},"potentialAction":[{"@type":"SearchAction","target":{"@type":"EntryPoint","urlTemplate":"https:\/\/es.alertenterprise.com\/es\/?s={search_term_string}"},"query-input":{"@type":"PropertyValueSpecification","valueRequired":true,"valueName":"search_term_string"}}],"inLanguage":"es"},{"@type":"Organization","@id":"https:\/\/es.alertenterprise.com\/es\/#organization","name":"Alerta Empresa","url":"https:\/\/es.alertenterprise.com\/es\/","logo":{"@type":"ImageObject","inLanguage":"es","@id":"https:\/\/es.alertenterprise.com\/es\/#\/schema\/logo\/image\/","url":"https:\/\/es.alertenterprise.com\/wp-content\/uploads\/sites\/3\/2024\/10\/logo.png","contentUrl":"https:\/\/es.alertenterprise.com\/wp-content\/uploads\/sites\/3\/2024\/10\/logo.png","width":888,"height":138,"caption":"Alert Enterprise"},"image":{"@id":"https:\/\/es.alertenterprise.com\/es\/#\/schema\/logo\/image\/"}}]}},"_links":{"self":[{"href":"https:\/\/es.alertenterprise.com\/es\/wp-json\/wp\/v2\/pages\/17212","targetHints":{"allow":["GET"]}}],"collection":[{"href":"https:\/\/es.alertenterprise.com\/es\/wp-json\/wp\/v2\/pages"}],"about":[{"href":"https:\/\/es.alertenterprise.com\/es\/wp-json\/wp\/v2\/types\/page"}],"author":[{"embeddable":true,"href":"https:\/\/es.alertenterprise.com\/es\/wp-json\/wp\/v2\/users\/8"}],"replies":[{"embeddable":true,"href":"https:\/\/es.alertenterprise.com\/es\/wp-json\/wp\/v2\/comments?post=17212"}],"version-history":[{"count":5,"href":"https:\/\/es.alertenterprise.com\/es\/wp-json\/wp\/v2\/pages\/17212\/revisions"}],"predecessor-version":[{"id":20674,"href":"https:\/\/es.alertenterprise.com\/es\/wp-json\/wp\/v2\/pages\/17212\/revisions\/20674"}],"up":[{"embeddable":true,"href":"https:\/\/es.alertenterprise.com\/es\/wp-json\/wp\/v2\/pages\/14394"}],"wp:featuredmedia":[{"embeddable":true,"href":"https:\/\/es.alertenterprise.com\/es\/wp-json\/wp\/v2\/media\/17209"}],"wp:attachment":[{"href":"https:\/\/es.alertenterprise.com\/es\/wp-json\/wp\/v2\/media?parent=17212"}],"curies":[{"name":"wp","href":"https:\/\/api.w.org\/{rel}","templated":true}]}}